{"id":560,"date":"2024-02-08T22:42:12","date_gmt":"2024-02-08T22:42:12","guid":{"rendered":"https:\/\/gloriaserna.ultbit.com\/?page_id=560"},"modified":"2025-08-26T16:01:26","modified_gmt":"2025-08-26T14:01:26","slug":"venta","status":"publish","type":"page","link":"https:\/\/apigs.es\/ca\/venta\/","title":{"rendered":"Venta"},"content":{"rendered":"<div data-elementor-type=\"wp-page\" data-elementor-id=\"560\" class=\"elementor elementor-560\" data-elementor-post-type=\"page\">\n\t\t\t\t\t\t<section class=\"elementor-section elementor-top-section elementor-element elementor-element-70a33e63 elementor-section-boxed elementor-section-height-default elementor-section-height-default\" data-id=\"70a33e63\" data-element_type=\"section\" data-settings=\"{&quot;background_background&quot;:&quot;classic&quot;,&quot;background_motion_fx_motion_fx_scrolling&quot;:&quot;yes&quot;,&quot;background_motion_fx_translateY_effect&quot;:&quot;yes&quot;,&quot;background_motion_fx_translateY_direction&quot;:&quot;negative&quot;,&quot;background_motion_fx_translateY_speed&quot;:{&quot;unit&quot;:&quot;px&quot;,&quot;size&quot;:10,&quot;sizes&quot;:[]},&quot;background_motion_fx_translateY_affectedRange&quot;:{&quot;unit&quot;:&quot;%&quot;,&quot;size&quot;:&quot;&quot;,&quot;sizes&quot;:{&quot;start&quot;:0,&quot;end&quot;:100}},&quot;background_motion_fx_devices&quot;:[&quot;desktop&quot;,&quot;tablet&quot;,&quot;mobile&quot;]}\">\n\t\t\t\t\t\t\t<div class=\"elementor-background-overlay\"><\/div>\n\t\t\t\t\t\t\t<div class=\"elementor-container elementor-column-gap-default\">\n\t\t\t\t\t<div class=\"elementor-column elementor-col-100 elementor-top-column elementor-element elementor-element-1d4391a1\" data-id=\"1d4391a1\" data-element_type=\"column\">\n\t\t\t<div class=\"elementor-widget-wrap elementor-element-populated\">\n\t\t\t\t\t\t<section class=\"elementor-section elementor-inner-section elementor-element elementor-element-543e7950 elementor-section-content-middle elementor-section-boxed elementor-section-height-default elementor-section-height-default\" data-id=\"543e7950\" data-element_type=\"section\">\n\t\t\t\t\t\t<div class=\"elementor-container elementor-column-gap-default\">\n\t\t\t\t\t<div class=\"elementor-column elementor-col-100 elementor-inner-column elementor-element elementor-element-6b9dfb35 elementor-invisible\" data-id=\"6b9dfb35\" data-element_type=\"column\" data-settings=\"{&quot;animation&quot;:&quot;fadeInLeft&quot;}\">\n\t\t\t<div class=\"elementor-widget-wrap elementor-element-populated\">\n\t\t\t\t\t\t<div class=\"elementor-element elementor-element-3681a2c7 elementor-widget elementor-widget-heading\" data-id=\"3681a2c7\" data-element_type=\"widget\" data-widget_type=\"heading.default\">\n\t\t\t\t<div class=\"elementor-widget-container\">\n\t\t\t\t\t<div class=\"elementor-heading-title elementor-size-default\">Venta<\/div>\t\t\t\t<\/div>\n\t\t\t\t<\/div>\n\t\t\t\t\t<\/div>\n\t\t<\/div>\n\t\t\t\t\t<\/div>\n\t\t<\/section>\n\t\t\t\t\t<\/div>\n\t\t<\/div>\n\t\t\t\t\t<\/div>\n\t\t<\/section>\n\t\t\t\t<section class=\"elementor-section elementor-top-section elementor-element elementor-element-3fe7615b elementor-section-content-middle elementor-section-boxed elementor-section-height-default elementor-section-height-default\" data-id=\"3fe7615b\" data-element_type=\"section\" data-settings=\"{&quot;background_background&quot;:&quot;classic&quot;}\">\n\t\t\t\t\t\t\t<div class=\"elementor-background-overlay\"><\/div>\n\t\t\t\t\t\t\t<div class=\"elementor-container elementor-column-gap-default\">\n\t\t\t\t\t<div class=\"elementor-column elementor-col-50 elementor-top-column elementor-element elementor-element-368ea580\" data-id=\"368ea580\" data-element_type=\"column\">\n\t\t\t<div class=\"elementor-widget-wrap elementor-element-populated\">\n\t\t\t\t\t\t<div class=\"elementor-element elementor-element-3da3df8f elementor-invisible elementor-widget elementor-widget-heading\" data-id=\"3da3df8f\" data-element_type=\"widget\" data-settings=\"{&quot;_animation&quot;:&quot;fadeIn&quot;,&quot;_animation_delay&quot;:300}\" data-widget_type=\"heading.default\">\n\t\t\t\t<div class=\"elementor-widget-container\">\n\t\t\t\t\t<h2 class=\"elementor-heading-title elementor-size-default\">Asesoramiento experto<\/h2>\t\t\t\t<\/div>\n\t\t\t\t<\/div>\n\t\t\t\t<div class=\"elementor-element elementor-element-1c3af5cc elementor-invisible elementor-widget elementor-widget-text-editor\" data-id=\"1c3af5cc\" data-element_type=\"widget\" data-settings=\"{&quot;_animation&quot;:&quot;fadeIn&quot;,&quot;_animation_delay&quot;:350}\" data-widget_type=\"text-editor.default\">\n\t\t\t\t<div class=\"elementor-widget-container\">\n\t\t\t\t\t\t\t\t\t<p><span style=\"font-weight: 400;\">En ventas, nuestro enfoque est\u00e1 en obtener los mejores resultados para nuestros clientes, ya sea en la venta de propiedades residenciales, comerciales o de inversi\u00f3n.\u00a0<\/span><\/p><p><span style=\"font-weight: 400;\">Nuestro equipo se distingue por su enfoque estrat\u00e9gico y perspicaz para maximizar\u00a0 el valor de las propiedades. Utilizamos un an\u00e1lisis detallado del mercado, y ofrecemos asesoramiento experto para garantizar transacciones exitosas. Ya sea que est\u00e9s buscando vender una propiedad residencial, comercial o de inversi\u00f3n, nuestro compromiso es obtener los mejores resultados para ti.\u00a0 \u00a0\u00a0<\/span><\/p>\t\t\t\t\t\t\t\t<\/div>\n\t\t\t\t<\/div>\n\t\t\t\t\t<\/div>\n\t\t<\/div>\n\t\t\t\t<div class=\"elementor-column elementor-col-50 elementor-top-column elementor-element elementor-element-296f35c\" data-id=\"296f35c\" data-element_type=\"column\">\n\t\t\t<div class=\"elementor-widget-wrap elementor-element-populated\">\n\t\t\t\t\t\t<div class=\"elementor-element elementor-element-24a83551 animated-slow elementor-invisible elementor-widget elementor-widget-image\" data-id=\"24a83551\" data-element_type=\"widget\" data-settings=\"{&quot;_animation&quot;:&quot;fadeInRight&quot;,&quot;_animation_delay&quot;:200}\" data-widget_type=\"image.default\">\n\t\t\t\t<div class=\"elementor-widget-container\">\n\t\t\t\t\t\t\t\t\t\t\t\t\t\t\t<img fetchpriority=\"high\" decoding=\"async\" width=\"1920\" height=\"1080\" src=\"https:\/\/apigs.es\/wp-content\/uploads\/2024\/02\/Compraventa-2-2.jpg\" class=\"attachment-full size-full wp-image-565\" alt=\"\" srcset=\"https:\/\/apigs.es\/wp-content\/uploads\/2024\/02\/Compraventa-2-2.jpg 1920w, https:\/\/apigs.es\/wp-content\/uploads\/2024\/02\/Compraventa-2-2-300x169.jpg 300w, https:\/\/apigs.es\/wp-content\/uploads\/2024\/02\/Compraventa-2-2-1024x576.jpg 1024w, https:\/\/apigs.es\/wp-content\/uploads\/2024\/02\/Compraventa-2-2-768x432.jpg 768w, https:\/\/apigs.es\/wp-content\/uploads\/2024\/02\/Compraventa-2-2-1536x864.jpg 1536w\" sizes=\"(max-width: 1920px) 100vw, 1920px\" \/>\t\t\t\t\t\t\t\t\t\t\t\t\t\t\t<\/div>\n\t\t\t\t<\/div>\n\t\t\t\t\t<\/div>\n\t\t<\/div>\n\t\t\t\t\t<\/div>\n\t\t<\/section>\n\t\t<div class=\"elementor-element elementor-element-91fdb32 e-con-full e-flex e-con e-parent\" data-id=\"91fdb32\" data-element_type=\"container\">\n\t\t\t\t<\/div>\n\t\t\t\t<\/div>","protected":false},"excerpt":{"rendered":"<p>Asesoramiento experto En ventas, nuestro enfoque est\u00e1 en obtener los mejores resultados para nuestros clientes, ya sea en la venta de propiedades residenciales, comerciales o de inversi\u00f3n. Nuestro equipo se distingue por su enfoque estrat\u00e9gico y perspicaz para maximizar\u00a0 el valor de las propiedades. Utilizamos un an\u00e1lisis detallado del mercado, y ofrecemos asesoramiento experto para&hellip;&nbsp;<a href=\"https:\/\/apigs.es\/ca\/venta\/\" rel=\"bookmark\"><span class=\"screen-reader-text\">Venta<\/span><\/a><\/p>","protected":false},"author":1,"featured_media":0,"parent":0,"menu_order":0,"comment_status":"closed","ping_status":"closed","template":"page-templates\/template-pagebuilder-full-width.php","meta":{"neve_meta_sidebar":"","neve_meta_container":"","neve_meta_enable_content_width":"off","neve_meta_content_width":100,"neve_meta_title_alignment":"","neve_meta_author_avatar":"","neve_post_elements_order":"","neve_meta_disable_header":"","neve_meta_disable_footer":"","neve_meta_disable_title":"","_joinchat":{"telephone":"+34936274400"},"footnotes":""},"class_list":["post-560","page","type-page","status-publish","hentry"],"yoast_head":"<!-- This site is optimized with the Yoast SEO plugin v26.7 - https:\/\/yoast.com\/wordpress\/plugins\/seo\/ -->\n<title>Venta - API GS | Servicios Inmobiliarios<\/title>\n<meta name=\"robots\" content=\"index, follow, max-snippet:-1, max-image-preview:large, max-video-preview:-1\" \/>\n<link rel=\"canonical\" href=\"https:\/\/apigs.es\/ca\/venta\/\" \/>\n<meta property=\"og:locale\" content=\"ca_ES\" \/>\n<meta property=\"og:type\" content=\"article\" \/>\n<meta property=\"og:title\" content=\"Venta - API GS | Servicios Inmobiliarios\" \/>\n<meta property=\"og:description\" content=\"Asesoramiento experto En ventas, nuestro enfoque est\u00e1 en obtener los mejores resultados para nuestros clientes, ya sea en la venta de propiedades residenciales, comerciales o de inversi\u00f3n. Nuestro equipo se distingue por su enfoque estrat\u00e9gico y perspicaz para maximizar\u00a0 el valor de las propiedades. Utilizamos un an\u00e1lisis detallado del mercado, y ofrecemos asesoramiento experto para&hellip;&nbsp;Venta\" \/>\n<meta property=\"og:url\" content=\"https:\/\/apigs.es\/ca\/venta\/\" \/>\n<meta property=\"og:site_name\" content=\"API GS | Servicios Inmobiliarios\" \/>\n<meta property=\"article:modified_time\" content=\"2025-08-26T14:01:26+00:00\" \/>\n<meta property=\"og:image\" content=\"http:\/\/apigs.es\/wp-content\/uploads\/2024\/02\/Compraventa-2-2.jpg\" \/>\n<meta name=\"twitter:card\" content=\"summary_large_image\" \/>\n<meta name=\"twitter:label1\" content=\"Temps estimat de lectura\" \/>\n\t<meta name=\"twitter:data1\" content=\"1 minut\" \/>\n<script type=\"application\/ld+json\" class=\"yoast-schema-graph\">{\"@context\":\"https:\/\/schema.org\",\"@graph\":[{\"@type\":\"WebPage\",\"@id\":\"https:\/\/apigs.es\/venta\/\",\"url\":\"https:\/\/apigs.es\/venta\/\",\"name\":\"Venta - API GS | Servicios Inmobiliarios\",\"isPartOf\":{\"@id\":\"https:\/\/apigs.es\/#website\"},\"primaryImageOfPage\":{\"@id\":\"https:\/\/apigs.es\/venta\/#primaryimage\"},\"image\":{\"@id\":\"https:\/\/apigs.es\/venta\/#primaryimage\"},\"thumbnailUrl\":\"http:\/\/apigs.es\/wp-content\/uploads\/2024\/02\/Compraventa-2-2.jpg\",\"datePublished\":\"2024-02-08T22:42:12+00:00\",\"dateModified\":\"2025-08-26T14:01:26+00:00\",\"breadcrumb\":{\"@id\":\"https:\/\/apigs.es\/venta\/#breadcrumb\"},\"inLanguage\":\"ca\",\"potentialAction\":[{\"@type\":\"ReadAction\",\"target\":[\"https:\/\/apigs.es\/venta\/\"]}]},{\"@type\":\"ImageObject\",\"inLanguage\":\"ca\",\"@id\":\"https:\/\/apigs.es\/venta\/#primaryimage\",\"url\":\"http:\/\/apigs.es\/wp-content\/uploads\/2024\/02\/Compraventa-2-2.jpg\",\"contentUrl\":\"http:\/\/apigs.es\/wp-content\/uploads\/2024\/02\/Compraventa-2-2.jpg\"},{\"@type\":\"BreadcrumbList\",\"@id\":\"https:\/\/apigs.es\/venta\/#breadcrumb\",\"itemListElement\":[{\"@type\":\"ListItem\",\"position\":1,\"name\":\"Portada\",\"item\":\"https:\/\/apigs.es\/\"},{\"@type\":\"ListItem\",\"position\":2,\"name\":\"Venta\"}]},{\"@type\":\"WebSite\",\"@id\":\"https:\/\/apigs.es\/#website\",\"url\":\"https:\/\/apigs.es\/\",\"name\":\"API GS | Servicios Inmobiliarios\",\"description\":\"Servicios Inmobiliarios de excelencia: transformamos tus sue\u00f1os en propiedades.\",\"potentialAction\":[{\"@type\":\"SearchAction\",\"target\":{\"@type\":\"EntryPoint\",\"urlTemplate\":\"https:\/\/apigs.es\/?s={search_term_string}\"},\"query-input\":{\"@type\":\"PropertyValueSpecification\",\"valueRequired\":true,\"valueName\":\"search_term_string\"}}],\"inLanguage\":\"ca\"}]}<\/script>\n<!-- \/ Yoast SEO plugin. -->","yoast_head_json":{"title":"Venta - API GS | Servicios Inmobiliarios","robots":{"index":"index","follow":"follow","max-snippet":"max-snippet:-1","max-image-preview":"max-image-preview:large","max-video-preview":"max-video-preview:-1"},"canonical":"https:\/\/apigs.es\/ca\/venta\/","og_locale":"ca_ES","og_type":"article","og_title":"Venta - API GS | Servicios Inmobiliarios","og_description":"Asesoramiento experto En ventas, nuestro enfoque est\u00e1 en obtener los mejores resultados para nuestros clientes, ya sea en la venta de propiedades residenciales, comerciales o de inversi\u00f3n. Nuestro equipo se distingue por su enfoque estrat\u00e9gico y perspicaz para maximizar\u00a0 el valor de las propiedades. Utilizamos un an\u00e1lisis detallado del mercado, y ofrecemos asesoramiento experto para&hellip;&nbsp;Venta","og_url":"https:\/\/apigs.es\/ca\/venta\/","og_site_name":"API GS | Servicios Inmobiliarios","article_modified_time":"2025-08-26T14:01:26+00:00","og_image":[{"url":"http:\/\/apigs.es\/wp-content\/uploads\/2024\/02\/Compraventa-2-2.jpg","type":"","width":"","height":""}],"twitter_card":"summary_large_image","twitter_misc":{"Temps estimat de lectura":"1 minut"},"schema":{"@context":"https:\/\/schema.org","@graph":[{"@type":"WebPage","@id":"https:\/\/apigs.es\/venta\/","url":"https:\/\/apigs.es\/venta\/","name":"Venta - API GS | Servicios Inmobiliarios","isPartOf":{"@id":"https:\/\/apigs.es\/#website"},"primaryImageOfPage":{"@id":"https:\/\/apigs.es\/venta\/#primaryimage"},"image":{"@id":"https:\/\/apigs.es\/venta\/#primaryimage"},"thumbnailUrl":"http:\/\/apigs.es\/wp-content\/uploads\/2024\/02\/Compraventa-2-2.jpg","datePublished":"2024-02-08T22:42:12+00:00","dateModified":"2025-08-26T14:01:26+00:00","breadcrumb":{"@id":"https:\/\/apigs.es\/venta\/#breadcrumb"},"inLanguage":"ca","potentialAction":[{"@type":"ReadAction","target":["https:\/\/apigs.es\/venta\/"]}]},{"@type":"ImageObject","inLanguage":"ca","@id":"https:\/\/apigs.es\/venta\/#primaryimage","url":"http:\/\/apigs.es\/wp-content\/uploads\/2024\/02\/Compraventa-2-2.jpg","contentUrl":"http:\/\/apigs.es\/wp-content\/uploads\/2024\/02\/Compraventa-2-2.jpg"},{"@type":"BreadcrumbList","@id":"https:\/\/apigs.es\/venta\/#breadcrumb","itemListElement":[{"@type":"ListItem","position":1,"name":"Portada","item":"https:\/\/apigs.es\/"},{"@type":"ListItem","position":2,"name":"Venta"}]},{"@type":"WebSite","@id":"https:\/\/apigs.es\/#website","url":"https:\/\/apigs.es\/","name":"API GS | Serveis Immobiliaris","description":"Serveis Immobiliaris d&#039;excel\u00b7l\u00e8ncia: transformem els teus somnis a propietats.","potentialAction":[{"@type":"SearchAction","target":{"@type":"EntryPoint","urlTemplate":"https:\/\/apigs.es\/?s={search_term_string}"},"query-input":{"@type":"PropertyValueSpecification","valueRequired":true,"valueName":"search_term_string"}}],"inLanguage":"ca"}]}},"_links":{"self":[{"href":"https:\/\/apigs.es\/ca\/wp-json\/wp\/v2\/pages\/560","targetHints":{"allow":["GET"]}}],"collection":[{"href":"https:\/\/apigs.es\/ca\/wp-json\/wp\/v2\/pages"}],"about":[{"href":"https:\/\/apigs.es\/ca\/wp-json\/wp\/v2\/types\/page"}],"author":[{"embeddable":true,"href":"https:\/\/apigs.es\/ca\/wp-json\/wp\/v2\/users\/1"}],"replies":[{"embeddable":true,"href":"https:\/\/apigs.es\/ca\/wp-json\/wp\/v2\/comments?post=560"}],"version-history":[{"count":20,"href":"https:\/\/apigs.es\/ca\/wp-json\/wp\/v2\/pages\/560\/revisions"}],"predecessor-version":[{"id":836,"href":"https:\/\/apigs.es\/ca\/wp-json\/wp\/v2\/pages\/560\/revisions\/836"}],"wp:attachment":[{"href":"https:\/\/apigs.es\/ca\/wp-json\/wp\/v2\/media?parent=560"}],"curies":[{"name":"wp","href":"https:\/\/api.w.org\/{rel}","templated":true}]}}