{"id":489,"date":"2024-02-06T22:45:16","date_gmt":"2024-02-06T22:45:16","guid":{"rendered":"https:\/\/gloriaserna.ultbit.com\/?page_id=489"},"modified":"2025-08-26T15:59:10","modified_gmt":"2025-08-26T13:59:10","slug":"gestion-documental","status":"publish","type":"page","link":"https:\/\/apigs.es\/ca\/gestion-documental\/","title":{"rendered":"Gesti\u00f3 documental"},"content":{"rendered":"<div data-elementor-type=\"wp-page\" data-elementor-id=\"489\" class=\"elementor elementor-489\" data-elementor-post-type=\"page\">\n\t\t\t\t\t\t<section class=\"elementor-section elementor-top-section elementor-element elementor-element-70a33e63 elementor-section-boxed elementor-section-height-default elementor-section-height-default\" data-id=\"70a33e63\" data-element_type=\"section\" data-settings=\"{&quot;background_background&quot;:&quot;classic&quot;,&quot;background_motion_fx_motion_fx_scrolling&quot;:&quot;yes&quot;,&quot;background_motion_fx_translateY_effect&quot;:&quot;yes&quot;,&quot;background_motion_fx_translateY_direction&quot;:&quot;negative&quot;,&quot;background_motion_fx_translateY_speed&quot;:{&quot;unit&quot;:&quot;px&quot;,&quot;size&quot;:10,&quot;sizes&quot;:[]},&quot;background_motion_fx_translateY_affectedRange&quot;:{&quot;unit&quot;:&quot;%&quot;,&quot;size&quot;:&quot;&quot;,&quot;sizes&quot;:{&quot;start&quot;:0,&quot;end&quot;:100}},&quot;background_motion_fx_devices&quot;:[&quot;desktop&quot;,&quot;tablet&quot;,&quot;mobile&quot;]}\">\n\t\t\t\t\t\t\t<div class=\"elementor-background-overlay\"><\/div>\n\t\t\t\t\t\t\t<div class=\"elementor-container elementor-column-gap-default\">\n\t\t\t\t\t<div class=\"elementor-column elementor-col-100 elementor-top-column elementor-element elementor-element-1d4391a1\" data-id=\"1d4391a1\" data-element_type=\"column\">\n\t\t\t<div class=\"elementor-widget-wrap elementor-element-populated\">\n\t\t\t\t\t\t<section class=\"elementor-section elementor-inner-section elementor-element elementor-element-543e7950 elementor-section-content-middle elementor-section-boxed elementor-section-height-default elementor-section-height-default\" data-id=\"543e7950\" data-element_type=\"section\">\n\t\t\t\t\t\t<div class=\"elementor-container elementor-column-gap-default\">\n\t\t\t\t\t<div class=\"elementor-column elementor-col-100 elementor-inner-column elementor-element elementor-element-6b9dfb35 elementor-invisible\" data-id=\"6b9dfb35\" data-element_type=\"column\" data-settings=\"{&quot;animation&quot;:&quot;fadeInLeft&quot;}\">\n\t\t\t<div class=\"elementor-widget-wrap elementor-element-populated\">\n\t\t\t\t\t\t<div class=\"elementor-element elementor-element-3681a2c7 elementor-widget elementor-widget-heading\" data-id=\"3681a2c7\" data-element_type=\"widget\" data-widget_type=\"heading.default\">\n\t\t\t\t<div class=\"elementor-widget-container\">\n\t\t\t\t\t<div class=\"elementor-heading-title elementor-size-default\">Gesti\u00f3 documental<\/div>\t\t\t\t<\/div>\n\t\t\t\t<\/div>\n\t\t\t\t\t<\/div>\n\t\t<\/div>\n\t\t\t\t\t<\/div>\n\t\t<\/section>\n\t\t\t\t\t<\/div>\n\t\t<\/div>\n\t\t\t\t\t<\/div>\n\t\t<\/section>\n\t\t\t\t<section class=\"elementor-section elementor-top-section elementor-element elementor-element-3fe7615b elementor-section-content-middle elementor-section-boxed elementor-section-height-default elementor-section-height-default\" data-id=\"3fe7615b\" data-element_type=\"section\" data-settings=\"{&quot;background_background&quot;:&quot;classic&quot;}\">\n\t\t\t\t\t\t\t<div class=\"elementor-background-overlay\"><\/div>\n\t\t\t\t\t\t\t<div class=\"elementor-container elementor-column-gap-default\">\n\t\t\t\t\t<div class=\"elementor-column elementor-col-50 elementor-top-column elementor-element elementor-element-368ea580\" data-id=\"368ea580\" data-element_type=\"column\">\n\t\t\t<div class=\"elementor-widget-wrap elementor-element-populated\">\n\t\t\t\t\t\t<div class=\"elementor-element elementor-element-3da3df8f elementor-invisible elementor-widget elementor-widget-heading\" data-id=\"3da3df8f\" data-element_type=\"widget\" data-settings=\"{&quot;_animation&quot;:&quot;fadeIn&quot;,&quot;_animation_delay&quot;:300}\" data-widget_type=\"heading.default\">\n\t\t\t\t<div class=\"elementor-widget-container\">\n\t\t\t\t\t<h2 class=\"elementor-heading-title elementor-size-default\">Gesti\u00f3n y planificaci\u00f3n<\/h2>\t\t\t\t<\/div>\n\t\t\t\t<\/div>\n\t\t\t\t<div class=\"elementor-element elementor-element-1c3af5cc elementor-invisible elementor-widget elementor-widget-text-editor\" data-id=\"1c3af5cc\" data-element_type=\"widget\" data-settings=\"{&quot;_animation&quot;:&quot;fadeIn&quot;,&quot;_animation_delay&quot;:350}\" data-widget_type=\"text-editor.default\">\n\t\t\t\t<div class=\"elementor-widget-container\">\n\t\t\t\t\t\t\t\t\t<p>Nos encargamos de todo el papeleo para que puedas centrarte en tu proyecto. Desde la solicitud de documentaci\u00f3n hasta la redacci\u00f3n de contratos a medida y c\u00e1lculos de impuestos, nuestro servicio abarca todos los aspectos administrativos. Adaptamos contratos a tus necesidades, garantizando claridad y seguridad.<\/p><p>Adem\u00e1s, ofrecemos asesoramiento jur\u00eddico, legal y fiscal personalizado para que te sientas respaldado en todo momento. Simplificamos el proceso, aseguramos el cumplimiento normativo y optimizamos tu situaci\u00f3n fiscal. Cont\u00e1ctanos para facilitar el camino hacia tus objetivos.\u00a0<\/p>\t\t\t\t\t\t\t\t<\/div>\n\t\t\t\t<\/div>\n\t\t\t\t<div class=\"elementor-element elementor-element-608d7933 elementor-invisible elementor-widget elementor-widget-button\" data-id=\"608d7933\" data-element_type=\"widget\" data-settings=\"{&quot;_animation&quot;:&quot;fadeIn&quot;,&quot;_animation_delay&quot;:375}\" data-widget_type=\"button.default\">\n\t\t\t\t<div class=\"elementor-widget-container\">\n\t\t\t\t\t\t\t\t\t<div class=\"elementor-button-wrapper\">\n\t\t\t\t\t<a class=\"elementor-button elementor-button-link elementor-size-md\" href=\"http:\/\/apigs.es\/ca\/contacto\/\">\n\t\t\t\t\t\t<span class=\"elementor-button-content-wrapper\">\n\t\t\t\t\t\t<span class=\"elementor-button-icon\">\n\t\t\t\t<i aria-hidden=\"true\" class=\"arrow_right\"><\/i>\t\t\t<\/span>\n\t\t\t\t\t\t\t\t\t<span class=\"elementor-button-text\">CONT\u00c1CTANOS<\/span>\n\t\t\t\t\t<\/span>\n\t\t\t\t\t<\/a>\n\t\t\t\t<\/div>\n\t\t\t\t\t\t\t\t<\/div>\n\t\t\t\t<\/div>\n\t\t\t\t\t<\/div>\n\t\t<\/div>\n\t\t\t\t<div class=\"elementor-column elementor-col-50 elementor-top-column elementor-element elementor-element-296f35c\" data-id=\"296f35c\" data-element_type=\"column\">\n\t\t\t<div class=\"elementor-widget-wrap elementor-element-populated\">\n\t\t\t\t\t\t<div class=\"elementor-element elementor-element-24a83551 animated-slow elementor-invisible elementor-widget elementor-widget-image\" data-id=\"24a83551\" data-element_type=\"widget\" data-settings=\"{&quot;_animation&quot;:&quot;fadeInRight&quot;,&quot;_animation_delay&quot;:200}\" data-widget_type=\"image.default\">\n\t\t\t\t<div class=\"elementor-widget-container\">\n\t\t\t\t\t\t\t\t\t\t\t\t\t\t\t<img fetchpriority=\"high\" decoding=\"async\" width=\"1920\" height=\"1080\" src=\"https:\/\/apigs.es\/wp-content\/uploads\/2024\/02\/gestion-documental-3.jpg\" class=\"attachment-full size-full wp-image-492\" alt=\"\" srcset=\"https:\/\/apigs.es\/wp-content\/uploads\/2024\/02\/gestion-documental-3.jpg 1920w, https:\/\/apigs.es\/wp-content\/uploads\/2024\/02\/gestion-documental-3-300x169.jpg 300w, https:\/\/apigs.es\/wp-content\/uploads\/2024\/02\/gestion-documental-3-1024x576.jpg 1024w, https:\/\/apigs.es\/wp-content\/uploads\/2024\/02\/gestion-documental-3-768x432.jpg 768w, https:\/\/apigs.es\/wp-content\/uploads\/2024\/02\/gestion-documental-3-1536x864.jpg 1536w\" sizes=\"(max-width: 1920px) 100vw, 1920px\" \/>\t\t\t\t\t\t\t\t\t\t\t\t\t\t\t<\/div>\n\t\t\t\t<\/div>\n\t\t\t\t\t<\/div>\n\t\t<\/div>\n\t\t\t\t\t<\/div>\n\t\t<\/section>\n\t\t\t\t<section class=\"elementor-section elementor-top-section elementor-element elementor-element-670ed932 elementor-section-content-middle elementor-reverse-mobile elementor-section-boxed elementor-section-height-default elementor-section-height-default\" data-id=\"670ed932\" data-element_type=\"section\" data-settings=\"{&quot;background_background&quot;:&quot;classic&quot;}\">\n\t\t\t\t\t\t<div class=\"elementor-container elementor-column-gap-default\">\n\t\t\t\t\t<div class=\"elementor-column elementor-col-50 elementor-top-column elementor-element elementor-element-20f3ef9 elementor-invisible\" data-id=\"20f3ef9\" data-element_type=\"column\" data-settings=\"{&quot;animation&quot;:&quot;fadeInLeft&quot;}\">\n\t\t\t<div class=\"elementor-widget-wrap elementor-element-populated\">\n\t\t\t\t\t\t<div class=\"elementor-element elementor-element-8e69777 elementor-widget elementor-widget-image\" data-id=\"8e69777\" data-element_type=\"widget\" data-widget_type=\"image.default\">\n\t\t\t\t<div class=\"elementor-widget-container\">\n\t\t\t\t\t\t\t\t\t\t\t\t\t\t\t<img decoding=\"async\" width=\"740\" height=\"1110\" src=\"https:\/\/apigs.es\/wp-content\/uploads\/2024\/02\/naturaleza-muerta-pila-documentos_23-2151088783.jpg\" class=\"attachment-full size-full wp-image-493\" alt=\"\" srcset=\"https:\/\/apigs.es\/wp-content\/uploads\/2024\/02\/naturaleza-muerta-pila-documentos_23-2151088783.jpg 740w, https:\/\/apigs.es\/wp-content\/uploads\/2024\/02\/naturaleza-muerta-pila-documentos_23-2151088783-200x300.jpg 200w, https:\/\/apigs.es\/wp-content\/uploads\/2024\/02\/naturaleza-muerta-pila-documentos_23-2151088783-683x1024.jpg 683w\" sizes=\"(max-width: 740px) 100vw, 740px\" \/>\t\t\t\t\t\t\t\t\t\t\t\t\t\t\t<\/div>\n\t\t\t\t<\/div>\n\t\t\t\t\t<\/div>\n\t\t<\/div>\n\t\t\t\t<div class=\"elementor-column elementor-col-50 elementor-top-column elementor-element elementor-element-45743a53 elementor-invisible\" data-id=\"45743a53\" data-element_type=\"column\" data-settings=\"{&quot;animation&quot;:&quot;fadeInRight&quot;}\">\n\t\t\t<div class=\"elementor-widget-wrap elementor-element-populated\">\n\t\t\t\t\t\t<div class=\"elementor-element elementor-element-4a7af6d9 elementor-widget elementor-widget-heading\" data-id=\"4a7af6d9\" data-element_type=\"widget\" data-widget_type=\"heading.default\">\n\t\t\t\t<div class=\"elementor-widget-container\">\n\t\t\t\t\t<h2 class=\"elementor-heading-title elementor-size-default\">Atenci\u00f3n personalizada<\/h2>\t\t\t\t<\/div>\n\t\t\t\t<\/div>\n\t\t\t\t<div class=\"elementor-element elementor-element-d7dab7a elementor-widget elementor-widget-text-editor\" data-id=\"d7dab7a\" data-element_type=\"widget\" data-widget_type=\"text-editor.default\">\n\t\t\t\t<div class=\"elementor-widget-container\">\n\t\t\t\t\t\t\t\t\t<p>M\u00e1s all\u00e1 de nuestra atenci\u00f3n a los detalles administrativos, nos consideramos verdaderos colaboradores en tu viaje hacia el \u00e9xito. Nuestro compromiso con la excelencia no se limita a la burocracia; estamos aqu\u00ed para ser tu gu\u00eda estrat\u00e9gica. Ofrecemos un enfoque proactivo, identificando oportunidades y resolviendo desaf\u00edos potenciales antes de que surjan.<\/p><p>Al trabajar con nosotros, no solo obtienes un servicio eficiente en el manejo de documentos y tr\u00e1mites, sino que tambi\u00e9n aseguras una perspectiva orientada al logro de tus metas. Nuestra misi\u00f3n es allanar el camino hacia tus objetivos, proporcionando no solo soluciones administrativas, sino una asociaci\u00f3n comprometida con tu \u00e9xito a largo plazo.<\/p><p><strong>Cont\u00e1ctanos hoy y descubre c\u00f3mo podemos ser el socio integral que necesitas para alcanzar tus aspiraciones.<\/strong><\/p>\t\t\t\t\t\t\t\t<\/div>\n\t\t\t\t<\/div>\n\t\t\t\t\t<\/div>\n\t\t<\/div>\n\t\t\t\t\t<\/div>\n\t\t<\/section>\n\t\t\t\t<\/div>","protected":false},"excerpt":{"rendered":"<p>Gesti\u00f3n y planificaci\u00f3n Nos encargamos de todo el papeleo para que puedas centrarte en tu proyecto. Desde la solicitud de documentaci\u00f3n hasta la redacci\u00f3n de contratos a medida y c\u00e1lculos de impuestos, nuestro servicio abarca todos los aspectos administrativos. Adaptamos contratos a tus necesidades, garantizando claridad y seguridad. Adem\u00e1s, ofrecemos asesoramiento jur\u00eddico, legal y fiscal&hellip;&nbsp;<a href=\"https:\/\/apigs.es\/ca\/gestion-documental\/\" rel=\"bookmark\"><span class=\"screen-reader-text\">Gesti\u00f3 documental<\/span><\/a><\/p>","protected":false},"author":1,"featured_media":0,"parent":0,"menu_order":0,"comment_status":"closed","ping_status":"closed","template":"page-templates\/template-pagebuilder-full-width.php","meta":{"neve_meta_sidebar":"","neve_meta_container":"","neve_meta_enable_content_width":"off","neve_meta_content_width":100,"neve_meta_title_alignment":"","neve_meta_author_avatar":"","neve_post_elements_order":"","neve_meta_disable_header":"","neve_meta_disable_footer":"","neve_meta_disable_title":"","_joinchat":{"telephone":"+34936274400"},"footnotes":""},"class_list":["post-489","page","type-page","status-publish","hentry"],"yoast_head":"<!-- This site is optimized with the Yoast SEO plugin v26.7 - https:\/\/yoast.com\/wordpress\/plugins\/seo\/ -->\n<title>Gesti\u00f3n documental - API GS | Servicios Inmobiliarios<\/title>\n<meta name=\"robots\" content=\"index, follow, max-snippet:-1, max-image-preview:large, max-video-preview:-1\" \/>\n<link rel=\"canonical\" href=\"https:\/\/apigs.es\/ca\/gestion-documental\/\" \/>\n<meta property=\"og:locale\" content=\"ca_ES\" \/>\n<meta property=\"og:type\" content=\"article\" \/>\n<meta property=\"og:title\" content=\"Gesti\u00f3n documental - API GS | Servicios Inmobiliarios\" \/>\n<meta property=\"og:description\" content=\"Gesti\u00f3n y planificaci\u00f3n Nos encargamos de todo el papeleo para que puedas centrarte en tu proyecto. Desde la solicitud de documentaci\u00f3n hasta la redacci\u00f3n de contratos a medida y c\u00e1lculos de impuestos, nuestro servicio abarca todos los aspectos administrativos. Adaptamos contratos a tus necesidades, garantizando claridad y seguridad. Adem\u00e1s, ofrecemos asesoramiento jur\u00eddico, legal y fiscal&hellip;&nbsp;Gesti\u00f3n documental\" \/>\n<meta property=\"og:url\" content=\"https:\/\/apigs.es\/ca\/gestion-documental\/\" \/>\n<meta property=\"og:site_name\" content=\"API GS | Servicios Inmobiliarios\" \/>\n<meta property=\"article:modified_time\" content=\"2025-08-26T13:59:10+00:00\" \/>\n<meta property=\"og:image\" content=\"http:\/\/apigs.es\/wp-content\/uploads\/2024\/02\/gestion-documental-3.jpg\" \/>\n<meta name=\"twitter:card\" content=\"summary_large_image\" \/>\n<meta name=\"twitter:label1\" content=\"Temps estimat de lectura\" \/>\n\t<meta name=\"twitter:data1\" content=\"2 minuts\" \/>\n<script type=\"application\/ld+json\" class=\"yoast-schema-graph\">{\"@context\":\"https:\/\/schema.org\",\"@graph\":[{\"@type\":\"WebPage\",\"@id\":\"https:\/\/apigs.es\/gestion-documental\/\",\"url\":\"https:\/\/apigs.es\/gestion-documental\/\",\"name\":\"Gesti\u00f3n documental - API GS | Servicios Inmobiliarios\",\"isPartOf\":{\"@id\":\"https:\/\/apigs.es\/#website\"},\"primaryImageOfPage\":{\"@id\":\"https:\/\/apigs.es\/gestion-documental\/#primaryimage\"},\"image\":{\"@id\":\"https:\/\/apigs.es\/gestion-documental\/#primaryimage\"},\"thumbnailUrl\":\"http:\/\/apigs.es\/wp-content\/uploads\/2024\/02\/gestion-documental-3.jpg\",\"datePublished\":\"2024-02-06T22:45:16+00:00\",\"dateModified\":\"2025-08-26T13:59:10+00:00\",\"breadcrumb\":{\"@id\":\"https:\/\/apigs.es\/gestion-documental\/#breadcrumb\"},\"inLanguage\":\"ca\",\"potentialAction\":[{\"@type\":\"ReadAction\",\"target\":[\"https:\/\/apigs.es\/gestion-documental\/\"]}]},{\"@type\":\"ImageObject\",\"inLanguage\":\"ca\",\"@id\":\"https:\/\/apigs.es\/gestion-documental\/#primaryimage\",\"url\":\"http:\/\/apigs.es\/wp-content\/uploads\/2024\/02\/gestion-documental-3.jpg\",\"contentUrl\":\"http:\/\/apigs.es\/wp-content\/uploads\/2024\/02\/gestion-documental-3.jpg\"},{\"@type\":\"BreadcrumbList\",\"@id\":\"https:\/\/apigs.es\/gestion-documental\/#breadcrumb\",\"itemListElement\":[{\"@type\":\"ListItem\",\"position\":1,\"name\":\"Portada\",\"item\":\"https:\/\/apigs.es\/\"},{\"@type\":\"ListItem\",\"position\":2,\"name\":\"Gesti\u00f3n documental\"}]},{\"@type\":\"WebSite\",\"@id\":\"https:\/\/apigs.es\/#website\",\"url\":\"https:\/\/apigs.es\/\",\"name\":\"API GS | Servicios Inmobiliarios\",\"description\":\"Servicios Inmobiliarios de excelencia: transformamos tus sue\u00f1os en propiedades.\",\"potentialAction\":[{\"@type\":\"SearchAction\",\"target\":{\"@type\":\"EntryPoint\",\"urlTemplate\":\"https:\/\/apigs.es\/?s={search_term_string}\"},\"query-input\":{\"@type\":\"PropertyValueSpecification\",\"valueRequired\":true,\"valueName\":\"search_term_string\"}}],\"inLanguage\":\"ca\"}]}<\/script>\n<!-- \/ Yoast SEO plugin. -->","yoast_head_json":{"title":"Gesti\u00f3n documental - API GS | Servicios Inmobiliarios","robots":{"index":"index","follow":"follow","max-snippet":"max-snippet:-1","max-image-preview":"max-image-preview:large","max-video-preview":"max-video-preview:-1"},"canonical":"https:\/\/apigs.es\/ca\/gestion-documental\/","og_locale":"ca_ES","og_type":"article","og_title":"Gesti\u00f3n documental - API GS | Servicios Inmobiliarios","og_description":"Gesti\u00f3n y planificaci\u00f3n Nos encargamos de todo el papeleo para que puedas centrarte en tu proyecto. Desde la solicitud de documentaci\u00f3n hasta la redacci\u00f3n de contratos a medida y c\u00e1lculos de impuestos, nuestro servicio abarca todos los aspectos administrativos. Adaptamos contratos a tus necesidades, garantizando claridad y seguridad. Adem\u00e1s, ofrecemos asesoramiento jur\u00eddico, legal y fiscal&hellip;&nbsp;Gesti\u00f3n documental","og_url":"https:\/\/apigs.es\/ca\/gestion-documental\/","og_site_name":"API GS | Servicios Inmobiliarios","article_modified_time":"2025-08-26T13:59:10+00:00","og_image":[{"url":"http:\/\/apigs.es\/wp-content\/uploads\/2024\/02\/gestion-documental-3.jpg","type":"","width":"","height":""}],"twitter_card":"summary_large_image","twitter_misc":{"Temps estimat de lectura":"2 minuts"},"schema":{"@context":"https:\/\/schema.org","@graph":[{"@type":"WebPage","@id":"https:\/\/apigs.es\/gestion-documental\/","url":"https:\/\/apigs.es\/gestion-documental\/","name":"Gesti\u00f3n documental - API GS | Servicios Inmobiliarios","isPartOf":{"@id":"https:\/\/apigs.es\/#website"},"primaryImageOfPage":{"@id":"https:\/\/apigs.es\/gestion-documental\/#primaryimage"},"image":{"@id":"https:\/\/apigs.es\/gestion-documental\/#primaryimage"},"thumbnailUrl":"http:\/\/apigs.es\/wp-content\/uploads\/2024\/02\/gestion-documental-3.jpg","datePublished":"2024-02-06T22:45:16+00:00","dateModified":"2025-08-26T13:59:10+00:00","breadcrumb":{"@id":"https:\/\/apigs.es\/gestion-documental\/#breadcrumb"},"inLanguage":"ca","potentialAction":[{"@type":"ReadAction","target":["https:\/\/apigs.es\/gestion-documental\/"]}]},{"@type":"ImageObject","inLanguage":"ca","@id":"https:\/\/apigs.es\/gestion-documental\/#primaryimage","url":"http:\/\/apigs.es\/wp-content\/uploads\/2024\/02\/gestion-documental-3.jpg","contentUrl":"http:\/\/apigs.es\/wp-content\/uploads\/2024\/02\/gestion-documental-3.jpg"},{"@type":"BreadcrumbList","@id":"https:\/\/apigs.es\/gestion-documental\/#breadcrumb","itemListElement":[{"@type":"ListItem","position":1,"name":"Portada","item":"https:\/\/apigs.es\/"},{"@type":"ListItem","position":2,"name":"Gesti\u00f3n documental"}]},{"@type":"WebSite","@id":"https:\/\/apigs.es\/#website","url":"https:\/\/apigs.es\/","name":"API GS | Serveis Immobiliaris","description":"Serveis Immobiliaris d&#039;excel\u00b7l\u00e8ncia: transformem els teus somnis a propietats.","potentialAction":[{"@type":"SearchAction","target":{"@type":"EntryPoint","urlTemplate":"https:\/\/apigs.es\/?s={search_term_string}"},"query-input":{"@type":"PropertyValueSpecification","valueRequired":true,"valueName":"search_term_string"}}],"inLanguage":"ca"}]}},"_links":{"self":[{"href":"https:\/\/apigs.es\/ca\/wp-json\/wp\/v2\/pages\/489","targetHints":{"allow":["GET"]}}],"collection":[{"href":"https:\/\/apigs.es\/ca\/wp-json\/wp\/v2\/pages"}],"about":[{"href":"https:\/\/apigs.es\/ca\/wp-json\/wp\/v2\/types\/page"}],"author":[{"embeddable":true,"href":"https:\/\/apigs.es\/ca\/wp-json\/wp\/v2\/users\/1"}],"replies":[{"embeddable":true,"href":"https:\/\/apigs.es\/ca\/wp-json\/wp\/v2\/comments?post=489"}],"version-history":[{"count":8,"href":"https:\/\/apigs.es\/ca\/wp-json\/wp\/v2\/pages\/489\/revisions"}],"predecessor-version":[{"id":829,"href":"https:\/\/apigs.es\/ca\/wp-json\/wp\/v2\/pages\/489\/revisions\/829"}],"wp:attachment":[{"href":"https:\/\/apigs.es\/ca\/wp-json\/wp\/v2\/media?parent=489"}],"curies":[{"name":"wp","href":"https:\/\/api.w.org\/{rel}","templated":true}]}}