{"id":479,"date":"2024-02-06T22:41:16","date_gmt":"2024-02-06T22:41:16","guid":{"rendered":"https:\/\/gloriaserna.ultbit.com\/?page_id=479"},"modified":"2025-08-26T15:58:16","modified_gmt":"2025-08-26T13:58:16","slug":"compraventa-alquiler-y-traspaso","status":"publish","type":"page","link":"https:\/\/apigs.es\/ca\/compraventa-alquiler-y-traspaso\/","title":{"rendered":"Compravenda, lloguer i trasp\u00e0s"},"content":{"rendered":"<div data-elementor-type=\"wp-page\" data-elementor-id=\"479\" class=\"elementor elementor-479\" data-elementor-post-type=\"page\">\n\t\t\t\t\t\t<section class=\"elementor-section elementor-top-section elementor-element elementor-element-70a33e63 elementor-section-boxed elementor-section-height-default elementor-section-height-default\" data-id=\"70a33e63\" data-element_type=\"section\" data-settings=\"{&quot;background_background&quot;:&quot;classic&quot;,&quot;background_motion_fx_motion_fx_scrolling&quot;:&quot;yes&quot;,&quot;background_motion_fx_translateY_effect&quot;:&quot;yes&quot;,&quot;background_motion_fx_translateY_direction&quot;:&quot;negative&quot;,&quot;background_motion_fx_translateY_speed&quot;:{&quot;unit&quot;:&quot;px&quot;,&quot;size&quot;:10,&quot;sizes&quot;:[]},&quot;background_motion_fx_translateY_affectedRange&quot;:{&quot;unit&quot;:&quot;%&quot;,&quot;size&quot;:&quot;&quot;,&quot;sizes&quot;:{&quot;start&quot;:0,&quot;end&quot;:100}},&quot;background_motion_fx_devices&quot;:[&quot;desktop&quot;,&quot;tablet&quot;,&quot;mobile&quot;]}\">\n\t\t\t\t\t\t\t<div class=\"elementor-background-overlay\"><\/div>\n\t\t\t\t\t\t\t<div class=\"elementor-container elementor-column-gap-default\">\n\t\t\t\t\t<div class=\"elementor-column elementor-col-100 elementor-top-column elementor-element elementor-element-1d4391a1\" data-id=\"1d4391a1\" data-element_type=\"column\">\n\t\t\t<div class=\"elementor-widget-wrap elementor-element-populated\">\n\t\t\t\t\t\t<section class=\"elementor-section elementor-inner-section elementor-element elementor-element-543e7950 elementor-section-content-middle elementor-section-boxed elementor-section-height-default elementor-section-height-default\" data-id=\"543e7950\" data-element_type=\"section\">\n\t\t\t\t\t\t<div class=\"elementor-container elementor-column-gap-default\">\n\t\t\t\t\t<div class=\"elementor-column elementor-col-100 elementor-inner-column elementor-element elementor-element-6b9dfb35 elementor-invisible\" data-id=\"6b9dfb35\" data-element_type=\"column\" data-settings=\"{&quot;animation&quot;:&quot;fadeInLeft&quot;}\">\n\t\t\t<div class=\"elementor-widget-wrap elementor-element-populated\">\n\t\t\t\t\t\t<div class=\"elementor-element elementor-element-3681a2c7 elementor-widget elementor-widget-heading\" data-id=\"3681a2c7\" data-element_type=\"widget\" data-widget_type=\"heading.default\">\n\t\t\t\t<div class=\"elementor-widget-container\">\n\t\t\t\t\t<div class=\"elementor-heading-title elementor-size-default\">Compravenda, lloguer i trasp\u00e0s<\/div>\t\t\t\t<\/div>\n\t\t\t\t<\/div>\n\t\t\t\t\t<\/div>\n\t\t<\/div>\n\t\t\t\t\t<\/div>\n\t\t<\/section>\n\t\t\t\t\t<\/div>\n\t\t<\/div>\n\t\t\t\t\t<\/div>\n\t\t<\/section>\n\t\t\t\t<section class=\"elementor-section elementor-top-section elementor-element elementor-element-3fe7615b elementor-section-content-middle elementor-section-boxed elementor-section-height-default elementor-section-height-default\" data-id=\"3fe7615b\" data-element_type=\"section\" data-settings=\"{&quot;background_background&quot;:&quot;classic&quot;}\">\n\t\t\t\t\t\t\t<div class=\"elementor-background-overlay\"><\/div>\n\t\t\t\t\t\t\t<div class=\"elementor-container elementor-column-gap-default\">\n\t\t\t\t\t<div class=\"elementor-column elementor-col-50 elementor-top-column elementor-element elementor-element-368ea580\" data-id=\"368ea580\" data-element_type=\"column\">\n\t\t\t<div class=\"elementor-widget-wrap elementor-element-populated\">\n\t\t\t\t\t\t<div class=\"elementor-element elementor-element-3da3df8f elementor-invisible elementor-widget elementor-widget-heading\" data-id=\"3da3df8f\" data-element_type=\"widget\" data-settings=\"{&quot;_animation&quot;:&quot;fadeIn&quot;,&quot;_animation_delay&quot;:300}\" data-widget_type=\"heading.default\">\n\t\t\t\t<div class=\"elementor-widget-container\">\n\t\t\t\t\t<h2 class=\"elementor-heading-title elementor-size-default\">Soluci\u00f3n Integral<\/h2>\t\t\t\t<\/div>\n\t\t\t\t<\/div>\n\t\t\t\t<div class=\"elementor-element elementor-element-1c3af5cc elementor-invisible elementor-widget elementor-widget-text-editor\" data-id=\"1c3af5cc\" data-element_type=\"widget\" data-settings=\"{&quot;_animation&quot;:&quot;fadeIn&quot;,&quot;_animation_delay&quot;:350}\" data-widget_type=\"text-editor.default\">\n\t\t\t\t<div class=\"elementor-widget-container\">\n\t\t\t\t\t\t\t\t\t<p>Estamos aqu\u00ed para brindarte una soluci\u00f3n integral en todas las fases de tu proyecto inmobiliario. Ya sea que est\u00e9s buscando comprar, vender, alquilar o traspasar una propiedad, nuestra dedicaci\u00f3n y experiencia en gesti\u00f3n e intermediaci\u00f3n est\u00e1n a tu disposici\u00f3n.\u00a0<\/p>\t\t\t\t\t\t\t\t<\/div>\n\t\t\t\t<\/div>\n\t\t\t\t<div class=\"elementor-element elementor-element-608d7933 elementor-invisible elementor-widget elementor-widget-button\" data-id=\"608d7933\" data-element_type=\"widget\" data-settings=\"{&quot;_animation&quot;:&quot;fadeIn&quot;,&quot;_animation_delay&quot;:375}\" data-widget_type=\"button.default\">\n\t\t\t\t<div class=\"elementor-widget-container\">\n\t\t\t\t\t\t\t\t\t<div class=\"elementor-button-wrapper\">\n\t\t\t\t\t<a class=\"elementor-button elementor-button-link elementor-size-md\" href=\"http:\/\/apigs.es\/ca\/contacto\/\">\n\t\t\t\t\t\t<span class=\"elementor-button-content-wrapper\">\n\t\t\t\t\t\t<span class=\"elementor-button-icon\">\n\t\t\t\t<i aria-hidden=\"true\" class=\"arrow_right\"><\/i>\t\t\t<\/span>\n\t\t\t\t\t\t\t\t\t<span class=\"elementor-button-text\">CONT\u00c1CTANOS<\/span>\n\t\t\t\t\t<\/span>\n\t\t\t\t\t<\/a>\n\t\t\t\t<\/div>\n\t\t\t\t\t\t\t\t<\/div>\n\t\t\t\t<\/div>\n\t\t\t\t\t<\/div>\n\t\t<\/div>\n\t\t\t\t<div class=\"elementor-column elementor-col-50 elementor-top-column elementor-element elementor-element-296f35c\" data-id=\"296f35c\" data-element_type=\"column\">\n\t\t\t<div class=\"elementor-widget-wrap elementor-element-populated\">\n\t\t\t\t\t\t<div class=\"elementor-element elementor-element-24a83551 animated-slow elementor-invisible elementor-widget elementor-widget-image\" data-id=\"24a83551\" data-element_type=\"widget\" data-settings=\"{&quot;_animation&quot;:&quot;fadeInRight&quot;,&quot;_animation_delay&quot;:200}\" data-widget_type=\"image.default\">\n\t\t\t\t<div class=\"elementor-widget-container\">\n\t\t\t\t\t\t\t\t\t\t\t\t\t\t\t<img fetchpriority=\"high\" decoding=\"async\" width=\"1920\" height=\"1080\" src=\"https:\/\/apigs.es\/wp-content\/uploads\/2024\/02\/Compraventa-1.jpg\" class=\"attachment-full size-full wp-image-484\" alt=\"\" srcset=\"https:\/\/apigs.es\/wp-content\/uploads\/2024\/02\/Compraventa-1.jpg 1920w, https:\/\/apigs.es\/wp-content\/uploads\/2024\/02\/Compraventa-1-300x169.jpg 300w, https:\/\/apigs.es\/wp-content\/uploads\/2024\/02\/Compraventa-1-1024x576.jpg 1024w, https:\/\/apigs.es\/wp-content\/uploads\/2024\/02\/Compraventa-1-768x432.jpg 768w, https:\/\/apigs.es\/wp-content\/uploads\/2024\/02\/Compraventa-1-1536x864.jpg 1536w\" sizes=\"(max-width: 1920px) 100vw, 1920px\" \/>\t\t\t\t\t\t\t\t\t\t\t\t\t\t\t<\/div>\n\t\t\t\t<\/div>\n\t\t\t\t\t<\/div>\n\t\t<\/div>\n\t\t\t\t\t<\/div>\n\t\t<\/section>\n\t\t\t\t<section class=\"elementor-section elementor-top-section elementor-element elementor-element-670ed932 elementor-section-content-middle elementor-reverse-mobile elementor-section-boxed elementor-section-height-default elementor-section-height-default\" data-id=\"670ed932\" data-element_type=\"section\" data-settings=\"{&quot;background_background&quot;:&quot;classic&quot;}\">\n\t\t\t\t\t\t<div class=\"elementor-container elementor-column-gap-default\">\n\t\t\t\t\t<div class=\"elementor-column elementor-col-50 elementor-top-column elementor-element elementor-element-20f3ef9 elementor-invisible\" data-id=\"20f3ef9\" data-element_type=\"column\" data-settings=\"{&quot;animation&quot;:&quot;fadeInLeft&quot;}\">\n\t\t\t<div class=\"elementor-widget-wrap elementor-element-populated\">\n\t\t\t\t\t\t<div class=\"elementor-element elementor-element-8e69777 elementor-widget elementor-widget-image\" data-id=\"8e69777\" data-element_type=\"widget\" data-widget_type=\"image.default\">\n\t\t\t\t<div class=\"elementor-widget-container\">\n\t\t\t\t\t\t\t\t\t\t\t\t\t\t\t<img decoding=\"async\" width=\"740\" height=\"1110\" src=\"https:\/\/apigs.es\/wp-content\/uploads\/2024\/02\/mantener-llaves-mano-al-aire-libre_23-2151015217.jpg\" class=\"attachment-full size-full wp-image-481\" alt=\"\" srcset=\"https:\/\/apigs.es\/wp-content\/uploads\/2024\/02\/mantener-llaves-mano-al-aire-libre_23-2151015217.jpg 740w, https:\/\/apigs.es\/wp-content\/uploads\/2024\/02\/mantener-llaves-mano-al-aire-libre_23-2151015217-200x300.jpg 200w, https:\/\/apigs.es\/wp-content\/uploads\/2024\/02\/mantener-llaves-mano-al-aire-libre_23-2151015217-683x1024.jpg 683w\" sizes=\"(max-width: 740px) 100vw, 740px\" \/>\t\t\t\t\t\t\t\t\t\t\t\t\t\t\t<\/div>\n\t\t\t\t<\/div>\n\t\t\t\t\t<\/div>\n\t\t<\/div>\n\t\t\t\t<div class=\"elementor-column elementor-col-50 elementor-top-column elementor-element elementor-element-45743a53 elementor-invisible\" data-id=\"45743a53\" data-element_type=\"column\" data-settings=\"{&quot;animation&quot;:&quot;fadeInRight&quot;}\">\n\t\t\t<div class=\"elementor-widget-wrap elementor-element-populated\">\n\t\t\t\t\t\t<div class=\"elementor-element elementor-element-431779d4 elementor-view-framed elementor-shape-square elementor-position-inline-start elementor-mobile-position-inline-start elementor-widget elementor-widget-icon-box\" data-id=\"431779d4\" data-element_type=\"widget\" data-widget_type=\"icon-box.default\">\n\t\t\t\t<div class=\"elementor-widget-container\">\n\t\t\t\t\t\t\t<div class=\"elementor-icon-box-wrapper\">\n\n\t\t\t\t\t\t<div class=\"elementor-icon-box-icon\">\n\t\t\t\t<span  class=\"elementor-icon\">\n\t\t\t\t<i aria-hidden=\"true\" class=\"icon icon-checkmark-circle\"><\/i>\t\t\t\t<\/span>\n\t\t\t<\/div>\n\t\t\t\n\t\t\t\t\t\t<div class=\"elementor-icon-box-content\">\n\n\t\t\t\t\t\t\t\t\t<div class=\"elementor-icon-box-title\">\n\t\t\t\t\t\t<span  >\n\t\t\t\t\t\t\tCompraventa\t\t\t\t\t\t<\/span>\n\t\t\t\t\t<\/div>\n\t\t\t\t\n\t\t\t\t\t\t\t\t\t<p class=\"elementor-icon-box-description\">\n\t\t\t\t\t\tSi est\u00e1s en busca de tu pr\u00f3ximo o deseas vender tu propiedad actual, nuestro equipo se encargar\u00e1 de facilitar todo el proceso de compraventa. Desde la valoraci\u00f3n precisa de tu propiedad hasta la b\u00fasqueda de opciones que se ajusten a tus necesidades, estamos comprometidos a garantizar una transacci\u00f3n exitosa y satisfactoria. \t\t\t\t\t<\/p>\n\t\t\t\t\n\t\t\t<\/div>\n\t\t\t\n\t\t<\/div>\n\t\t\t\t\t\t<\/div>\n\t\t\t\t<\/div>\n\t\t\t\t<div class=\"elementor-element elementor-element-5f84c081 elementor-view-framed elementor-shape-square elementor-position-inline-start elementor-mobile-position-inline-start elementor-widget elementor-widget-icon-box\" data-id=\"5f84c081\" data-element_type=\"widget\" data-widget_type=\"icon-box.default\">\n\t\t\t\t<div class=\"elementor-widget-container\">\n\t\t\t\t\t\t\t<div class=\"elementor-icon-box-wrapper\">\n\n\t\t\t\t\t\t<div class=\"elementor-icon-box-icon\">\n\t\t\t\t<span  class=\"elementor-icon\">\n\t\t\t\t<i aria-hidden=\"true\" class=\"icon icon-checkmark-circle\"><\/i>\t\t\t\t<\/span>\n\t\t\t<\/div>\n\t\t\t\n\t\t\t\t\t\t<div class=\"elementor-icon-box-content\">\n\n\t\t\t\t\t\t\t\t\t<div class=\"elementor-icon-box-title\">\n\t\t\t\t\t\t<span  >\n\t\t\t\t\t\t\tAlquiler\t\t\t\t\t\t<\/span>\n\t\t\t\t\t<\/div>\n\t\t\t\t\n\t\t\t\t\t\t\t\t\t<p class=\"elementor-icon-box-description\">\n\t\t\t\t\t\tPara aquellos que buscan alquilar una vivienda, ofrecemos servicios de gesti\u00f3n y medicaci\u00f3n que simplifican la b\u00fasqueda y selecci\u00f3n del espacio perfecto para ti. \nTambi\u00e9n si eres propietario y deseas alquilar tu propiedad, te proporcionamos asistencia completa desde la evoluci\u00f3n del mercado hasta la gesti\u00f3n de contratos y tr\u00e1mites. \n\t\t\t\t\t<\/p>\n\t\t\t\t\n\t\t\t<\/div>\n\t\t\t\n\t\t<\/div>\n\t\t\t\t\t\t<\/div>\n\t\t\t\t<\/div>\n\t\t\t\t<div class=\"elementor-element elementor-element-740c106d elementor-view-framed elementor-shape-square elementor-position-inline-start elementor-mobile-position-inline-start elementor-widget elementor-widget-icon-box\" data-id=\"740c106d\" data-element_type=\"widget\" data-widget_type=\"icon-box.default\">\n\t\t\t\t<div class=\"elementor-widget-container\">\n\t\t\t\t\t\t\t<div class=\"elementor-icon-box-wrapper\">\n\n\t\t\t\t\t\t<div class=\"elementor-icon-box-icon\">\n\t\t\t\t<span  class=\"elementor-icon\">\n\t\t\t\t<i aria-hidden=\"true\" class=\"icon icon-checkmark-circle\"><\/i>\t\t\t\t<\/span>\n\t\t\t<\/div>\n\t\t\t\n\t\t\t\t\t\t<div class=\"elementor-icon-box-content\">\n\n\t\t\t\t\t\t\t\t\t<div class=\"elementor-icon-box-title\">\n\t\t\t\t\t\t<span  >\n\t\t\t\t\t\t\tTraspaso\t\t\t\t\t\t<\/span>\n\t\t\t\t\t<\/div>\n\t\t\t\t\n\t\t\t\t\t\t\t\t\t<p class=\"elementor-icon-box-description\">\n\t\t\t\t\t\tEn el caso de traspaso comercial o empresarial, nuestra experiencia en gesti\u00f3n e intermediaci\u00f3n asegura una transici\u00f3n fluida. Nos encargamos de facilitar todas las etapas del traspaso, asegurando que tanto el comprador como el vendedor obtengan los resultados deseados de manera eficiente y sin contratiempos. \t\t\t\t\t<\/p>\n\t\t\t\t\n\t\t\t<\/div>\n\t\t\t\n\t\t<\/div>\n\t\t\t\t\t\t<\/div>\n\t\t\t\t<\/div>\n\t\t\t\t\t<\/div>\n\t\t<\/div>\n\t\t\t\t\t<\/div>\n\t\t<\/section>\n\t\t\t\t<section class=\"elementor-section elementor-top-section elementor-element elementor-element-3e27d896 elementor-section-boxed elementor-section-height-default elementor-section-height-default\" data-id=\"3e27d896\" data-element_type=\"section\" data-settings=\"{&quot;background_background&quot;:&quot;classic&quot;,&quot;background_motion_fx_motion_fx_scrolling&quot;:&quot;yes&quot;,&quot;background_motion_fx_translateY_effect&quot;:&quot;yes&quot;,&quot;background_motion_fx_translateY_speed&quot;:{&quot;unit&quot;:&quot;px&quot;,&quot;size&quot;:4,&quot;sizes&quot;:[]},&quot;background_motion_fx_translateY_affectedRange&quot;:{&quot;unit&quot;:&quot;%&quot;,&quot;size&quot;:&quot;&quot;,&quot;sizes&quot;:{&quot;start&quot;:0,&quot;end&quot;:100}},&quot;background_motion_fx_devices&quot;:[&quot;desktop&quot;,&quot;tablet&quot;,&quot;mobile&quot;]}\">\n\t\t\t\t\t\t\t<div class=\"elementor-background-overlay\"><\/div>\n\t\t\t\t\t\t\t<div class=\"elementor-container elementor-column-gap-default\">\n\t\t\t\t\t<div class=\"elementor-column elementor-col-100 elementor-top-column elementor-element elementor-element-2901a55f elementor-invisible\" data-id=\"2901a55f\" data-element_type=\"column\" data-settings=\"{&quot;animation&quot;:&quot;fadeInUp&quot;}\">\n\t\t\t<div class=\"elementor-widget-wrap elementor-element-populated\">\n\t\t\t\t\t\t<div class=\"elementor-element elementor-element-93cfe4b elementor-widget elementor-widget-heading\" data-id=\"93cfe4b\" data-element_type=\"widget\" data-widget_type=\"heading.default\">\n\t\t\t\t<div class=\"elementor-widget-container\">\n\t\t\t\t\t<h2 class=\"elementor-heading-title elementor-size-default\">Vols vendre el teu immoble?<\/h2>\t\t\t\t<\/div>\n\t\t\t\t<\/div>\n\t\t\t\t<div class=\"elementor-element elementor-element-5e9cb14b elementor-widget elementor-widget-text-editor\" data-id=\"5e9cb14b\" data-element_type=\"widget\" data-widget_type=\"text-editor.default\">\n\t\t\t\t<div class=\"elementor-widget-container\">\n\t\t\t\t\t\t\t\t\t<div>Est\u00e0s buscant treure el m\u00e0xim profit de la teva propietat? A Api GS, entenem que vendre el teu immoble pot ser un pas crucial, i som aqu\u00ed per fer que aquest proc\u00e9s sigui fluid i rendible per a tu. Ens encarreguem de tot, des de l&#039;avaluaci\u00f3 precisa de la teva propietat fins a estrat\u00e8gies de m\u00e0rqueting personalitzades, per garantir que obtinguis el millor preu possible al mercat actual.<\/div><div>\u00a0<\/div><div>El nostre equip d&#039;experts en b\u00e9ns arrels est\u00e0 llest per ajudar-te a destacar la teva propietat i atraure els compradors adequats. Tant se val si \u00e9s una casa, un apartament, un terreny o una propietat comercial, estem compromesos a obtenir resultats excepcionals per a tu.<\/div><div>\u00a0<\/div><div>Posa&#039;t en contacte amb nosaltres avui mateix i descobreix com et podem ajudar a vendre el teu immoble de manera r\u00e0pida i exitosa!<\/div>\t\t\t\t\t\t\t\t<\/div>\n\t\t\t\t<\/div>\n\t\t\t\t<div class=\"elementor-element elementor-element-67132213 elementor-align-justify elementor-widget__width-initial elementor-widget elementor-widget-button\" data-id=\"67132213\" data-element_type=\"widget\" data-widget_type=\"button.default\">\n\t\t\t\t<div class=\"elementor-widget-container\">\n\t\t\t\t\t\t\t\t\t<div class=\"elementor-button-wrapper\">\n\t\t\t\t\t<a class=\"elementor-button elementor-button-link elementor-size-md\" href=\"http:\/\/apigs.es\/ca\/contacto\/\">\n\t\t\t\t\t\t<span class=\"elementor-button-content-wrapper\">\n\t\t\t\t\t\t\t\t\t<span class=\"elementor-button-text\">CONTACTA ARA<\/span>\n\t\t\t\t\t<\/span>\n\t\t\t\t\t<\/a>\n\t\t\t\t<\/div>\n\t\t\t\t\t\t\t\t<\/div>\n\t\t\t\t<\/div>\n\t\t\t\t\t<\/div>\n\t\t<\/div>\n\t\t\t\t\t<\/div>\n\t\t<\/section>\n\t\t\t\t<\/div>","protected":false},"excerpt":{"rendered":"<p>Soluci\u00f3n Integral Estamos aqu\u00ed para brindarte una soluci\u00f3n integral en todas las fases de tu proyecto inmobiliario. Ya sea que est\u00e9s buscando comprar, vender, alquilar o traspasar una propiedad, nuestra dedicaci\u00f3n y experiencia en gesti\u00f3n e intermediaci\u00f3n est\u00e1n a tu disposici\u00f3n. CONT\u00c1CTANOS Compraventa Si est\u00e1s en busca de tu pr\u00f3ximo o deseas vender tu propiedad&hellip;&nbsp;<a href=\"https:\/\/apigs.es\/ca\/compraventa-alquiler-y-traspaso\/\" rel=\"bookmark\"><span class=\"screen-reader-text\">Compravenda, lloguer i trasp\u00e0s<\/span><\/a><\/p>","protected":false},"author":1,"featured_media":0,"parent":0,"menu_order":0,"comment_status":"closed","ping_status":"closed","template":"page-templates\/template-pagebuilder-full-width.php","meta":{"neve_meta_sidebar":"","neve_meta_container":"","neve_meta_enable_content_width":"off","neve_meta_content_width":100,"neve_meta_title_alignment":"","neve_meta_author_avatar":"","neve_post_elements_order":"","neve_meta_disable_header":"","neve_meta_disable_footer":"","neve_meta_disable_title":"","_joinchat":{"telephone":"+34936274400"},"footnotes":""},"class_list":["post-479","page","type-page","status-publish","hentry"],"yoast_head":"<!-- This site is optimized with the Yoast SEO plugin v26.7 - https:\/\/yoast.com\/wordpress\/plugins\/seo\/ -->\n<title>Compraventa, alquiler y traspaso - API GS | Servicios Inmobiliarios<\/title>\n<meta name=\"robots\" content=\"index, follow, max-snippet:-1, max-image-preview:large, max-video-preview:-1\" \/>\n<link rel=\"canonical\" href=\"https:\/\/apigs.es\/ca\/compraventa-alquiler-y-traspaso\/\" \/>\n<meta property=\"og:locale\" content=\"ca_ES\" \/>\n<meta property=\"og:type\" content=\"article\" \/>\n<meta property=\"og:title\" content=\"Compraventa, alquiler y traspaso - API GS | Servicios Inmobiliarios\" \/>\n<meta property=\"og:description\" content=\"Soluci\u00f3n Integral Estamos aqu\u00ed para brindarte una soluci\u00f3n integral en todas las fases de tu proyecto inmobiliario. Ya sea que est\u00e9s buscando comprar, vender, alquilar o traspasar una propiedad, nuestra dedicaci\u00f3n y experiencia en gesti\u00f3n e intermediaci\u00f3n est\u00e1n a tu disposici\u00f3n. CONT\u00c1CTANOS Compraventa Si est\u00e1s en busca de tu pr\u00f3ximo o deseas vender tu propiedad&hellip;&nbsp;Compraventa, alquiler y traspaso\" \/>\n<meta property=\"og:url\" content=\"https:\/\/apigs.es\/ca\/compraventa-alquiler-y-traspaso\/\" \/>\n<meta property=\"og:site_name\" content=\"API GS | Servicios Inmobiliarios\" \/>\n<meta property=\"article:modified_time\" content=\"2025-08-26T13:58:16+00:00\" \/>\n<meta property=\"og:image\" content=\"http:\/\/apigs.es\/wp-content\/uploads\/2024\/02\/Compraventa-1.jpg\" \/>\n<meta name=\"twitter:card\" content=\"summary_large_image\" \/>\n<meta name=\"twitter:label1\" content=\"Temps estimat de lectura\" \/>\n\t<meta name=\"twitter:data1\" content=\"2 minuts\" \/>\n<script type=\"application\/ld+json\" class=\"yoast-schema-graph\">{\"@context\":\"https:\/\/schema.org\",\"@graph\":[{\"@type\":\"WebPage\",\"@id\":\"https:\/\/apigs.es\/compraventa-alquiler-y-traspaso\/\",\"url\":\"https:\/\/apigs.es\/compraventa-alquiler-y-traspaso\/\",\"name\":\"Compraventa, alquiler y traspaso - API GS | Servicios Inmobiliarios\",\"isPartOf\":{\"@id\":\"https:\/\/apigs.es\/#website\"},\"primaryImageOfPage\":{\"@id\":\"https:\/\/apigs.es\/compraventa-alquiler-y-traspaso\/#primaryimage\"},\"image\":{\"@id\":\"https:\/\/apigs.es\/compraventa-alquiler-y-traspaso\/#primaryimage\"},\"thumbnailUrl\":\"http:\/\/apigs.es\/wp-content\/uploads\/2024\/02\/Compraventa-1.jpg\",\"datePublished\":\"2024-02-06T22:41:16+00:00\",\"dateModified\":\"2025-08-26T13:58:16+00:00\",\"breadcrumb\":{\"@id\":\"https:\/\/apigs.es\/compraventa-alquiler-y-traspaso\/#breadcrumb\"},\"inLanguage\":\"ca\",\"potentialAction\":[{\"@type\":\"ReadAction\",\"target\":[\"https:\/\/apigs.es\/compraventa-alquiler-y-traspaso\/\"]}]},{\"@type\":\"ImageObject\",\"inLanguage\":\"ca\",\"@id\":\"https:\/\/apigs.es\/compraventa-alquiler-y-traspaso\/#primaryimage\",\"url\":\"http:\/\/apigs.es\/wp-content\/uploads\/2024\/02\/Compraventa-1.jpg\",\"contentUrl\":\"http:\/\/apigs.es\/wp-content\/uploads\/2024\/02\/Compraventa-1.jpg\"},{\"@type\":\"BreadcrumbList\",\"@id\":\"https:\/\/apigs.es\/compraventa-alquiler-y-traspaso\/#breadcrumb\",\"itemListElement\":[{\"@type\":\"ListItem\",\"position\":1,\"name\":\"Portada\",\"item\":\"https:\/\/apigs.es\/\"},{\"@type\":\"ListItem\",\"position\":2,\"name\":\"Compraventa, alquiler y traspaso\"}]},{\"@type\":\"WebSite\",\"@id\":\"https:\/\/apigs.es\/#website\",\"url\":\"https:\/\/apigs.es\/\",\"name\":\"API GS | Servicios Inmobiliarios\",\"description\":\"Servicios Inmobiliarios de excelencia: transformamos tus sue\u00f1os en propiedades.\",\"potentialAction\":[{\"@type\":\"SearchAction\",\"target\":{\"@type\":\"EntryPoint\",\"urlTemplate\":\"https:\/\/apigs.es\/?s={search_term_string}\"},\"query-input\":{\"@type\":\"PropertyValueSpecification\",\"valueRequired\":true,\"valueName\":\"search_term_string\"}}],\"inLanguage\":\"ca\"}]}<\/script>\n<!-- \/ Yoast SEO plugin. -->","yoast_head_json":{"title":"Compraventa, alquiler y traspaso - API GS | Servicios Inmobiliarios","robots":{"index":"index","follow":"follow","max-snippet":"max-snippet:-1","max-image-preview":"max-image-preview:large","max-video-preview":"max-video-preview:-1"},"canonical":"https:\/\/apigs.es\/ca\/compraventa-alquiler-y-traspaso\/","og_locale":"ca_ES","og_type":"article","og_title":"Compraventa, alquiler y traspaso - API GS | Servicios Inmobiliarios","og_description":"Soluci\u00f3n Integral Estamos aqu\u00ed para brindarte una soluci\u00f3n integral en todas las fases de tu proyecto inmobiliario. Ya sea que est\u00e9s buscando comprar, vender, alquilar o traspasar una propiedad, nuestra dedicaci\u00f3n y experiencia en gesti\u00f3n e intermediaci\u00f3n est\u00e1n a tu disposici\u00f3n. CONT\u00c1CTANOS Compraventa Si est\u00e1s en busca de tu pr\u00f3ximo o deseas vender tu propiedad&hellip;&nbsp;Compraventa, alquiler y traspaso","og_url":"https:\/\/apigs.es\/ca\/compraventa-alquiler-y-traspaso\/","og_site_name":"API GS | Servicios Inmobiliarios","article_modified_time":"2025-08-26T13:58:16+00:00","og_image":[{"url":"http:\/\/apigs.es\/wp-content\/uploads\/2024\/02\/Compraventa-1.jpg","type":"","width":"","height":""}],"twitter_card":"summary_large_image","twitter_misc":{"Temps estimat de lectura":"2 minuts"},"schema":{"@context":"https:\/\/schema.org","@graph":[{"@type":"WebPage","@id":"https:\/\/apigs.es\/compraventa-alquiler-y-traspaso\/","url":"https:\/\/apigs.es\/compraventa-alquiler-y-traspaso\/","name":"Compraventa, alquiler y traspaso - API GS | Servicios Inmobiliarios","isPartOf":{"@id":"https:\/\/apigs.es\/#website"},"primaryImageOfPage":{"@id":"https:\/\/apigs.es\/compraventa-alquiler-y-traspaso\/#primaryimage"},"image":{"@id":"https:\/\/apigs.es\/compraventa-alquiler-y-traspaso\/#primaryimage"},"thumbnailUrl":"http:\/\/apigs.es\/wp-content\/uploads\/2024\/02\/Compraventa-1.jpg","datePublished":"2024-02-06T22:41:16+00:00","dateModified":"2025-08-26T13:58:16+00:00","breadcrumb":{"@id":"https:\/\/apigs.es\/compraventa-alquiler-y-traspaso\/#breadcrumb"},"inLanguage":"ca","potentialAction":[{"@type":"ReadAction","target":["https:\/\/apigs.es\/compraventa-alquiler-y-traspaso\/"]}]},{"@type":"ImageObject","inLanguage":"ca","@id":"https:\/\/apigs.es\/compraventa-alquiler-y-traspaso\/#primaryimage","url":"http:\/\/apigs.es\/wp-content\/uploads\/2024\/02\/Compraventa-1.jpg","contentUrl":"http:\/\/apigs.es\/wp-content\/uploads\/2024\/02\/Compraventa-1.jpg"},{"@type":"BreadcrumbList","@id":"https:\/\/apigs.es\/compraventa-alquiler-y-traspaso\/#breadcrumb","itemListElement":[{"@type":"ListItem","position":1,"name":"Portada","item":"https:\/\/apigs.es\/"},{"@type":"ListItem","position":2,"name":"Compraventa, alquiler y traspaso"}]},{"@type":"WebSite","@id":"https:\/\/apigs.es\/#website","url":"https:\/\/apigs.es\/","name":"API GS | Serveis Immobiliaris","description":"Serveis Immobiliaris d&#039;excel\u00b7l\u00e8ncia: transformem els teus somnis a propietats.","potentialAction":[{"@type":"SearchAction","target":{"@type":"EntryPoint","urlTemplate":"https:\/\/apigs.es\/?s={search_term_string}"},"query-input":{"@type":"PropertyValueSpecification","valueRequired":true,"valueName":"search_term_string"}}],"inLanguage":"ca"}]}},"_links":{"self":[{"href":"https:\/\/apigs.es\/ca\/wp-json\/wp\/v2\/pages\/479","targetHints":{"allow":["GET"]}}],"collection":[{"href":"https:\/\/apigs.es\/ca\/wp-json\/wp\/v2\/pages"}],"about":[{"href":"https:\/\/apigs.es\/ca\/wp-json\/wp\/v2\/types\/page"}],"author":[{"embeddable":true,"href":"https:\/\/apigs.es\/ca\/wp-json\/wp\/v2\/users\/1"}],"replies":[{"embeddable":true,"href":"https:\/\/apigs.es\/ca\/wp-json\/wp\/v2\/comments?post=479"}],"version-history":[{"count":11,"href":"https:\/\/apigs.es\/ca\/wp-json\/wp\/v2\/pages\/479\/revisions"}],"predecessor-version":[{"id":826,"href":"https:\/\/apigs.es\/ca\/wp-json\/wp\/v2\/pages\/479\/revisions\/826"}],"wp:attachment":[{"href":"https:\/\/apigs.es\/ca\/wp-json\/wp\/v2\/media?parent=479"}],"curies":[{"name":"wp","href":"https:\/\/api.w.org\/{rel}","templated":true}]}}