{"id":451,"date":"2024-02-06T21:20:03","date_gmt":"2024-02-06T21:20:03","guid":{"rendered":"https:\/\/gloriaserna.ultbit.com\/?page_id=451"},"modified":"2025-08-26T15:57:43","modified_gmt":"2025-08-26T13:57:43","slug":"asesoramiento-y-acompanamiento","status":"publish","type":"page","link":"https:\/\/apigs.es\/ca\/asesoramiento-y-acompanamiento\/","title":{"rendered":"Assessorament i acompanyament"},"content":{"rendered":"<div data-elementor-type=\"wp-page\" data-elementor-id=\"451\" class=\"elementor elementor-451\" data-elementor-post-type=\"page\">\n\t\t\t\t\t\t<section class=\"elementor-section elementor-top-section elementor-element elementor-element-70a33e63 elementor-section-boxed elementor-section-height-default elementor-section-height-default\" data-id=\"70a33e63\" data-element_type=\"section\" data-settings=\"{&quot;background_background&quot;:&quot;classic&quot;,&quot;background_motion_fx_motion_fx_scrolling&quot;:&quot;yes&quot;,&quot;background_motion_fx_translateY_effect&quot;:&quot;yes&quot;,&quot;background_motion_fx_translateY_direction&quot;:&quot;negative&quot;,&quot;background_motion_fx_translateY_speed&quot;:{&quot;unit&quot;:&quot;px&quot;,&quot;size&quot;:10,&quot;sizes&quot;:[]},&quot;background_motion_fx_translateY_affectedRange&quot;:{&quot;unit&quot;:&quot;%&quot;,&quot;size&quot;:&quot;&quot;,&quot;sizes&quot;:{&quot;start&quot;:0,&quot;end&quot;:100}},&quot;background_motion_fx_devices&quot;:[&quot;desktop&quot;,&quot;tablet&quot;,&quot;mobile&quot;]}\">\n\t\t\t\t\t\t\t<div class=\"elementor-background-overlay\"><\/div>\n\t\t\t\t\t\t\t<div class=\"elementor-container elementor-column-gap-default\">\n\t\t\t\t\t<div class=\"elementor-column elementor-col-100 elementor-top-column elementor-element elementor-element-1d4391a1\" data-id=\"1d4391a1\" data-element_type=\"column\">\n\t\t\t<div class=\"elementor-widget-wrap elementor-element-populated\">\n\t\t\t\t\t\t<section class=\"elementor-section elementor-inner-section elementor-element elementor-element-543e7950 elementor-section-content-middle elementor-section-boxed elementor-section-height-default elementor-section-height-default\" data-id=\"543e7950\" data-element_type=\"section\">\n\t\t\t\t\t\t<div class=\"elementor-container elementor-column-gap-default\">\n\t\t\t\t\t<div class=\"elementor-column elementor-col-100 elementor-inner-column elementor-element elementor-element-6b9dfb35 elementor-invisible\" data-id=\"6b9dfb35\" data-element_type=\"column\" data-settings=\"{&quot;animation&quot;:&quot;fadeInLeft&quot;}\">\n\t\t\t<div class=\"elementor-widget-wrap elementor-element-populated\">\n\t\t\t\t\t\t<div class=\"elementor-element elementor-element-3681a2c7 elementor-widget elementor-widget-heading\" data-id=\"3681a2c7\" data-element_type=\"widget\" data-widget_type=\"heading.default\">\n\t\t\t\t<div class=\"elementor-widget-container\">\n\t\t\t\t\t<div class=\"elementor-heading-title elementor-size-default\">Assessorament i acompanyament<\/div>\t\t\t\t<\/div>\n\t\t\t\t<\/div>\n\t\t\t\t\t<\/div>\n\t\t<\/div>\n\t\t\t\t\t<\/div>\n\t\t<\/section>\n\t\t\t\t\t<\/div>\n\t\t<\/div>\n\t\t\t\t\t<\/div>\n\t\t<\/section>\n\t\t\t\t<section class=\"elementor-section elementor-top-section elementor-element elementor-element-3fe7615b elementor-section-content-middle elementor-section-boxed elementor-section-height-default elementor-section-height-default\" data-id=\"3fe7615b\" data-element_type=\"section\" data-settings=\"{&quot;background_background&quot;:&quot;classic&quot;}\">\n\t\t\t\t\t\t\t<div class=\"elementor-background-overlay\"><\/div>\n\t\t\t\t\t\t\t<div class=\"elementor-container elementor-column-gap-default\">\n\t\t\t\t\t<div class=\"elementor-column elementor-col-50 elementor-top-column elementor-element elementor-element-368ea580\" data-id=\"368ea580\" data-element_type=\"column\">\n\t\t\t<div class=\"elementor-widget-wrap elementor-element-populated\">\n\t\t\t\t\t\t<div class=\"elementor-element elementor-element-3da3df8f elementor-invisible elementor-widget elementor-widget-heading\" data-id=\"3da3df8f\" data-element_type=\"widget\" data-settings=\"{&quot;_animation&quot;:&quot;fadeIn&quot;,&quot;_animation_delay&quot;:300}\" data-widget_type=\"heading.default\">\n\t\t\t\t<div class=\"elementor-widget-container\">\n\t\t\t\t\t<h2 class=\"elementor-heading-title elementor-size-default\">Gesti\u00f3n y planificaci\u00f3n<\/h2>\t\t\t\t<\/div>\n\t\t\t\t<\/div>\n\t\t\t\t<div class=\"elementor-element elementor-element-1c3af5cc elementor-invisible elementor-widget elementor-widget-text-editor\" data-id=\"1c3af5cc\" data-element_type=\"widget\" data-settings=\"{&quot;_animation&quot;:&quot;fadeIn&quot;,&quot;_animation_delay&quot;:350}\" data-widget_type=\"text-editor.default\">\n\t\t\t\t<div class=\"elementor-widget-container\">\n\t\t\t\t\t\t\t\t\t<p>Nuestro equipo profesional no solo te brinda orientaci\u00f3n, sino que se sumerge en cada detalle de tu proyecto. Analizamos los desaf\u00edos y oportunidades, evaluamos las mejores pr\u00e1cticas del sector y ofrecemos recomendaciones adaptadas a tus necesidades espec\u00edficas.<\/p><p>Comprendemos que los proyectos de cambio implican diversas etapas, desde la planificaci\u00f3n hasta la implementaci\u00f3n y m\u00e1s all\u00e1. Estamos a tu lado en cada una de estas etapas, brind\u00e1ndote orientaci\u00f3n constante. Nuestro equipo est\u00e1 comprometido a proporcionar el apoyo para superar cualquier obst\u00e1culo.<\/p>\t\t\t\t\t\t\t\t<\/div>\n\t\t\t\t<\/div>\n\t\t\t\t<div class=\"elementor-element elementor-element-608d7933 elementor-invisible elementor-widget elementor-widget-button\" data-id=\"608d7933\" data-element_type=\"widget\" data-settings=\"{&quot;_animation&quot;:&quot;fadeIn&quot;,&quot;_animation_delay&quot;:375}\" data-widget_type=\"button.default\">\n\t\t\t\t<div class=\"elementor-widget-container\">\n\t\t\t\t\t\t\t\t\t<div class=\"elementor-button-wrapper\">\n\t\t\t\t\t<a class=\"elementor-button elementor-button-link elementor-size-md\" href=\"http:\/\/apigs.es\/ca\/contacto\/\">\n\t\t\t\t\t\t<span class=\"elementor-button-content-wrapper\">\n\t\t\t\t\t\t<span class=\"elementor-button-icon\">\n\t\t\t\t<i aria-hidden=\"true\" class=\"arrow_right\"><\/i>\t\t\t<\/span>\n\t\t\t\t\t\t\t\t\t<span class=\"elementor-button-text\">CONT\u00c1CTANOS<\/span>\n\t\t\t\t\t<\/span>\n\t\t\t\t\t<\/a>\n\t\t\t\t<\/div>\n\t\t\t\t\t\t\t\t<\/div>\n\t\t\t\t<\/div>\n\t\t\t\t\t<\/div>\n\t\t<\/div>\n\t\t\t\t<div class=\"elementor-column elementor-col-50 elementor-top-column elementor-element elementor-element-296f35c\" data-id=\"296f35c\" data-element_type=\"column\">\n\t\t\t<div class=\"elementor-widget-wrap elementor-element-populated\">\n\t\t\t\t\t\t<div class=\"elementor-element elementor-element-24a83551 animated-slow elementor-invisible elementor-widget elementor-widget-image\" data-id=\"24a83551\" data-element_type=\"widget\" data-settings=\"{&quot;_animation&quot;:&quot;fadeInRight&quot;,&quot;_animation_delay&quot;:200}\" data-widget_type=\"image.default\">\n\t\t\t\t<div class=\"elementor-widget-container\">\n\t\t\t\t\t\t\t\t\t\t\t\t\t\t\t<img fetchpriority=\"high\" decoding=\"async\" width=\"1920\" height=\"1080\" src=\"https:\/\/apigs.es\/wp-content\/uploads\/2024\/02\/gestion-documental-1.jpg\" class=\"attachment-full size-full wp-image-430\" alt=\"\" srcset=\"https:\/\/apigs.es\/wp-content\/uploads\/2024\/02\/gestion-documental-1.jpg 1920w, https:\/\/apigs.es\/wp-content\/uploads\/2024\/02\/gestion-documental-1-300x169.jpg 300w, https:\/\/apigs.es\/wp-content\/uploads\/2024\/02\/gestion-documental-1-1024x576.jpg 1024w, https:\/\/apigs.es\/wp-content\/uploads\/2024\/02\/gestion-documental-1-768x432.jpg 768w, https:\/\/apigs.es\/wp-content\/uploads\/2024\/02\/gestion-documental-1-1536x864.jpg 1536w\" sizes=\"(max-width: 1920px) 100vw, 1920px\" \/>\t\t\t\t\t\t\t\t\t\t\t\t\t\t\t<\/div>\n\t\t\t\t<\/div>\n\t\t\t\t\t<\/div>\n\t\t<\/div>\n\t\t\t\t\t<\/div>\n\t\t<\/section>\n\t\t\t\t<section class=\"elementor-section elementor-top-section elementor-element elementor-element-670ed932 elementor-section-content-middle elementor-reverse-mobile elementor-section-boxed elementor-section-height-default elementor-section-height-default\" data-id=\"670ed932\" data-element_type=\"section\" data-settings=\"{&quot;background_background&quot;:&quot;classic&quot;}\">\n\t\t\t\t\t\t<div class=\"elementor-container elementor-column-gap-default\">\n\t\t\t\t\t<div class=\"elementor-column elementor-col-50 elementor-top-column elementor-element elementor-element-20f3ef9 elementor-invisible\" data-id=\"20f3ef9\" data-element_type=\"column\" data-settings=\"{&quot;animation&quot;:&quot;fadeInLeft&quot;}\">\n\t\t\t<div class=\"elementor-widget-wrap elementor-element-populated\">\n\t\t\t\t\t\t<div class=\"elementor-element elementor-element-8e69777 elementor-widget elementor-widget-image\" data-id=\"8e69777\" data-element_type=\"widget\" data-widget_type=\"image.default\">\n\t\t\t\t<div class=\"elementor-widget-container\">\n\t\t\t\t\t\t\t\t\t\t\t\t\t\t\t<img decoding=\"async\" width=\"740\" height=\"1110\" src=\"https:\/\/apigs.es\/wp-content\/uploads\/2024\/02\/oficina-trabajo-ordenador-portatil-gafas-mesa-madera_1421-240.jpg\" class=\"attachment-full size-full wp-image-455\" alt=\"\" srcset=\"https:\/\/apigs.es\/wp-content\/uploads\/2024\/02\/oficina-trabajo-ordenador-portatil-gafas-mesa-madera_1421-240.jpg 740w, https:\/\/apigs.es\/wp-content\/uploads\/2024\/02\/oficina-trabajo-ordenador-portatil-gafas-mesa-madera_1421-240-200x300.jpg 200w, https:\/\/apigs.es\/wp-content\/uploads\/2024\/02\/oficina-trabajo-ordenador-portatil-gafas-mesa-madera_1421-240-683x1024.jpg 683w\" sizes=\"(max-width: 740px) 100vw, 740px\" \/>\t\t\t\t\t\t\t\t\t\t\t\t\t\t\t<\/div>\n\t\t\t\t<\/div>\n\t\t\t\t\t<\/div>\n\t\t<\/div>\n\t\t\t\t<div class=\"elementor-column elementor-col-50 elementor-top-column elementor-element elementor-element-45743a53 elementor-invisible\" data-id=\"45743a53\" data-element_type=\"column\" data-settings=\"{&quot;animation&quot;:&quot;fadeInRight&quot;}\">\n\t\t\t<div class=\"elementor-widget-wrap elementor-element-populated\">\n\t\t\t\t\t\t<div class=\"elementor-element elementor-element-4a7af6d9 elementor-widget elementor-widget-heading\" data-id=\"4a7af6d9\" data-element_type=\"widget\" data-widget_type=\"heading.default\">\n\t\t\t\t<div class=\"elementor-widget-container\">\n\t\t\t\t\t<h2 class=\"elementor-heading-title elementor-size-default\">Atencion personalizada<\/h2>\t\t\t\t<\/div>\n\t\t\t\t<\/div>\n\t\t\t\t<div class=\"elementor-element elementor-element-d7dab7a elementor-widget elementor-widget-text-editor\" data-id=\"d7dab7a\" data-element_type=\"widget\" data-widget_type=\"text-editor.default\">\n\t\t\t\t<div class=\"elementor-widget-container\">\n\t\t\t\t\t\t\t\t\t<p>Nos comprometemos a seguir apoy\u00e1ndote constantemente. Este compromiso duradero garantiza que los resultados obtenidos se mantengan y evolucionen de manera positiva con el tiempo. Estamos aqu\u00ed para ajustar estrategias seg\u00fan sea necesario y para asegurarnos de que tu proyecto siga siendo un \u00e9xito a largo plazo.<\/p><p>Nuestra dedicaci\u00f3n no tiene l\u00edmites. Tu \u00e9xito es nuestra prioridad y trabajamos incansablemente para asegurarnos de que recibas la atenci\u00f3n personalizada que mereces.\u00a0<\/p>\t\t\t\t\t\t\t\t<\/div>\n\t\t\t\t<\/div>\n\t\t\t\t<div class=\"elementor-element elementor-element-431779d4 elementor-view-framed elementor-shape-square elementor-position-inline-start elementor-mobile-position-inline-start elementor-widget elementor-widget-icon-box\" data-id=\"431779d4\" data-element_type=\"widget\" data-widget_type=\"icon-box.default\">\n\t\t\t\t<div class=\"elementor-widget-container\">\n\t\t\t\t\t\t\t<div class=\"elementor-icon-box-wrapper\">\n\n\t\t\t\t\t\t<div class=\"elementor-icon-box-icon\">\n\t\t\t\t<span  class=\"elementor-icon\">\n\t\t\t\t<i aria-hidden=\"true\" class=\"icon icon-checkmark-circle\"><\/i>\t\t\t\t<\/span>\n\t\t\t<\/div>\n\t\t\t\n\t\t\t\t\t\t<div class=\"elementor-icon-box-content\">\n\n\t\t\t\t\t\t\t\t\t<div class=\"elementor-icon-box-title\">\n\t\t\t\t\t\t<span  >\n\t\t\t\t\t\t\tExperi\u00e8ncia\t\t\t\t\t\t<\/span>\n\t\t\t\t\t<\/div>\n\t\t\t\t\n\t\t\t\t\t\t\t\t\t<p class=\"elementor-icon-box-description\">\n\t\t\t\t\t\tNuestra experiencia en el sector inmobiliario y la satisfacci\u00f3n de nuestros clientes avalan nuestro trabajo.\t\t\t\t\t<\/p>\n\t\t\t\t\n\t\t\t<\/div>\n\t\t\t\n\t\t<\/div>\n\t\t\t\t\t\t<\/div>\n\t\t\t\t<\/div>\n\t\t\t\t<div class=\"elementor-element elementor-element-5f84c081 elementor-view-framed elementor-shape-square elementor-position-inline-start elementor-mobile-position-inline-start elementor-widget elementor-widget-icon-box\" data-id=\"5f84c081\" data-element_type=\"widget\" data-widget_type=\"icon-box.default\">\n\t\t\t\t<div class=\"elementor-widget-container\">\n\t\t\t\t\t\t\t<div class=\"elementor-icon-box-wrapper\">\n\n\t\t\t\t\t\t<div class=\"elementor-icon-box-icon\">\n\t\t\t\t<span  class=\"elementor-icon\">\n\t\t\t\t<i aria-hidden=\"true\" class=\"icon icon-checkmark-circle\"><\/i>\t\t\t\t<\/span>\n\t\t\t<\/div>\n\t\t\t\n\t\t\t\t\t\t<div class=\"elementor-icon-box-content\">\n\n\t\t\t\t\t\t\t\t\t<div class=\"elementor-icon-box-title\">\n\t\t\t\t\t\t<span  >\n\t\t\t\t\t\t\tAssessorament\t\t\t\t\t\t<\/span>\n\t\t\t\t\t<\/div>\n\t\t\t\t\n\t\t\t\t\t\t\t\t\t<p class=\"elementor-icon-box-description\">\n\t\t\t\t\t\tCon profesionalismo y atenci\u00f3n a tus necesidades, te guiamos en cada decisi\u00f3n, asegurando que tu elecci\u00f3n sea informada y satisfactoria.\t\t\t\t\t<\/p>\n\t\t\t\t\n\t\t\t<\/div>\n\t\t\t\n\t\t<\/div>\n\t\t\t\t\t\t<\/div>\n\t\t\t\t<\/div>\n\t\t\t\t<div class=\"elementor-element elementor-element-740c106d elementor-view-framed elementor-shape-square elementor-position-inline-start elementor-mobile-position-inline-start elementor-widget elementor-widget-icon-box\" data-id=\"740c106d\" data-element_type=\"widget\" data-widget_type=\"icon-box.default\">\n\t\t\t\t<div class=\"elementor-widget-container\">\n\t\t\t\t\t\t\t<div class=\"elementor-icon-box-wrapper\">\n\n\t\t\t\t\t\t<div class=\"elementor-icon-box-icon\">\n\t\t\t\t<span  class=\"elementor-icon\">\n\t\t\t\t<i aria-hidden=\"true\" class=\"icon icon-checkmark-circle\"><\/i>\t\t\t\t<\/span>\n\t\t\t<\/div>\n\t\t\t\n\t\t\t\t\t\t<div class=\"elementor-icon-box-content\">\n\n\t\t\t\t\t\t\t\t\t<div class=\"elementor-icon-box-title\">\n\t\t\t\t\t\t<span  >\n\t\t\t\t\t\t\tGesti\u00f3\t\t\t\t\t\t<\/span>\n\t\t\t\t\t<\/div>\n\t\t\t\t\n\t\t\t\t\t\t\t\t\t<p class=\"elementor-icon-box-description\">\n\t\t\t\t\t\tDesde la valoraci\u00f3n hasta la gesti\u00f3n documental, nuestro equipo especializado se encarga de todos los detalles. \t\t\t\t\t<\/p>\n\t\t\t\t\n\t\t\t<\/div>\n\t\t\t\n\t\t<\/div>\n\t\t\t\t\t\t<\/div>\n\t\t\t\t<\/div>\n\t\t\t\t\t<\/div>\n\t\t<\/div>\n\t\t\t\t\t<\/div>\n\t\t<\/section>\n\t\t\t\t<\/div>","protected":false},"excerpt":{"rendered":"<p>Gesti\u00f3n y planificaci\u00f3n Nuestro equipo profesional no solo te brinda orientaci\u00f3n, sino que se sumerge en cada detalle de tu proyecto. Analizamos los desaf\u00edos y oportunidades, evaluamos las mejores pr\u00e1cticas del sector y ofrecemos recomendaciones adaptadas a tus necesidades espec\u00edficas. Comprendemos que los proyectos de cambio implican diversas etapas, desde la planificaci\u00f3n hasta la implementaci\u00f3n&hellip;&nbsp;<a href=\"https:\/\/apigs.es\/ca\/asesoramiento-y-acompanamiento\/\" rel=\"bookmark\"><span class=\"screen-reader-text\">Assessorament i acompanyament<\/span><\/a><\/p>","protected":false},"author":1,"featured_media":0,"parent":0,"menu_order":0,"comment_status":"closed","ping_status":"closed","template":"page-templates\/template-pagebuilder-full-width.php","meta":{"neve_meta_sidebar":"","neve_meta_container":"","neve_meta_enable_content_width":"off","neve_meta_content_width":100,"neve_meta_title_alignment":"","neve_meta_author_avatar":"","neve_post_elements_order":"","neve_meta_disable_header":"","neve_meta_disable_footer":"","neve_meta_disable_title":"","_joinchat":{"telephone":"+34936274400"},"footnotes":""},"class_list":["post-451","page","type-page","status-publish","hentry"],"yoast_head":"<!-- This site is optimized with the Yoast SEO plugin v26.7 - https:\/\/yoast.com\/wordpress\/plugins\/seo\/ -->\n<title>Assesoramiento y acompa\u00f1amiento - API GS<\/title>\n<meta name=\"robots\" content=\"index, follow, max-snippet:-1, max-image-preview:large, max-video-preview:-1\" \/>\n<link rel=\"canonical\" href=\"https:\/\/apigs.es\/ca\/asesoramiento-y-acompanamiento\/\" \/>\n<meta property=\"og:locale\" content=\"ca_ES\" \/>\n<meta property=\"og:type\" content=\"article\" \/>\n<meta property=\"og:title\" content=\"Assesoramiento y acompa\u00f1amiento - API GS\" \/>\n<meta property=\"og:description\" content=\"Gesti\u00f3n y planificaci\u00f3n Nuestro equipo profesional no solo te brinda orientaci\u00f3n, sino que se sumerge en cada detalle de tu proyecto. Analizamos los desaf\u00edos y oportunidades, evaluamos las mejores pr\u00e1cticas del sector y ofrecemos recomendaciones adaptadas a tus necesidades espec\u00edficas. Comprendemos que los proyectos de cambio implican diversas etapas, desde la planificaci\u00f3n hasta la implementaci\u00f3n&hellip;&nbsp;Asesoramiento y acompa\u00f1amiento\" \/>\n<meta property=\"og:url\" content=\"https:\/\/apigs.es\/ca\/asesoramiento-y-acompanamiento\/\" \/>\n<meta property=\"og:site_name\" content=\"API GS | Servicios Inmobiliarios\" \/>\n<meta property=\"article:modified_time\" content=\"2025-08-26T13:57:43+00:00\" \/>\n<meta property=\"og:image\" content=\"http:\/\/apigs.es\/wp-content\/uploads\/2024\/02\/gestion-documental-1.jpg\" \/>\n<meta name=\"twitter:card\" content=\"summary_large_image\" \/>\n<meta name=\"twitter:label1\" content=\"Temps estimat de lectura\" \/>\n\t<meta name=\"twitter:data1\" content=\"2 minuts\" \/>\n<script type=\"application\/ld+json\" class=\"yoast-schema-graph\">{\"@context\":\"https:\/\/schema.org\",\"@graph\":[{\"@type\":\"WebPage\",\"@id\":\"https:\/\/apigs.es\/asesoramiento-y-acompanamiento\/\",\"url\":\"https:\/\/apigs.es\/asesoramiento-y-acompanamiento\/\",\"name\":\"Assesoramiento y acompa\u00f1amiento - API GS\",\"isPartOf\":{\"@id\":\"https:\/\/apigs.es\/#website\"},\"primaryImageOfPage\":{\"@id\":\"https:\/\/apigs.es\/asesoramiento-y-acompanamiento\/#primaryimage\"},\"image\":{\"@id\":\"https:\/\/apigs.es\/asesoramiento-y-acompanamiento\/#primaryimage\"},\"thumbnailUrl\":\"http:\/\/apigs.es\/wp-content\/uploads\/2024\/02\/gestion-documental-1.jpg\",\"datePublished\":\"2024-02-06T21:20:03+00:00\",\"dateModified\":\"2025-08-26T13:57:43+00:00\",\"breadcrumb\":{\"@id\":\"https:\/\/apigs.es\/asesoramiento-y-acompanamiento\/#breadcrumb\"},\"inLanguage\":\"ca\",\"potentialAction\":[{\"@type\":\"ReadAction\",\"target\":[\"https:\/\/apigs.es\/asesoramiento-y-acompanamiento\/\"]}]},{\"@type\":\"ImageObject\",\"inLanguage\":\"ca\",\"@id\":\"https:\/\/apigs.es\/asesoramiento-y-acompanamiento\/#primaryimage\",\"url\":\"http:\/\/apigs.es\/wp-content\/uploads\/2024\/02\/gestion-documental-1.jpg\",\"contentUrl\":\"http:\/\/apigs.es\/wp-content\/uploads\/2024\/02\/gestion-documental-1.jpg\"},{\"@type\":\"BreadcrumbList\",\"@id\":\"https:\/\/apigs.es\/asesoramiento-y-acompanamiento\/#breadcrumb\",\"itemListElement\":[{\"@type\":\"ListItem\",\"position\":1,\"name\":\"Portada\",\"item\":\"https:\/\/apigs.es\/\"},{\"@type\":\"ListItem\",\"position\":2,\"name\":\"Asesoramiento y acompa\u00f1amiento\"}]},{\"@type\":\"WebSite\",\"@id\":\"https:\/\/apigs.es\/#website\",\"url\":\"https:\/\/apigs.es\/\",\"name\":\"API GS | Servicios Inmobiliarios\",\"description\":\"Servicios Inmobiliarios de excelencia: transformamos tus sue\u00f1os en propiedades.\",\"potentialAction\":[{\"@type\":\"SearchAction\",\"target\":{\"@type\":\"EntryPoint\",\"urlTemplate\":\"https:\/\/apigs.es\/?s={search_term_string}\"},\"query-input\":{\"@type\":\"PropertyValueSpecification\",\"valueRequired\":true,\"valueName\":\"search_term_string\"}}],\"inLanguage\":\"ca\"}]}<\/script>\n<!-- \/ Yoast SEO plugin. -->","yoast_head_json":{"title":"Assesoramiento y acompa\u00f1amiento - API GS","robots":{"index":"index","follow":"follow","max-snippet":"max-snippet:-1","max-image-preview":"max-image-preview:large","max-video-preview":"max-video-preview:-1"},"canonical":"https:\/\/apigs.es\/ca\/asesoramiento-y-acompanamiento\/","og_locale":"ca_ES","og_type":"article","og_title":"Assesoramiento y acompa\u00f1amiento - API GS","og_description":"Gesti\u00f3n y planificaci\u00f3n Nuestro equipo profesional no solo te brinda orientaci\u00f3n, sino que se sumerge en cada detalle de tu proyecto. Analizamos los desaf\u00edos y oportunidades, evaluamos las mejores pr\u00e1cticas del sector y ofrecemos recomendaciones adaptadas a tus necesidades espec\u00edficas. Comprendemos que los proyectos de cambio implican diversas etapas, desde la planificaci\u00f3n hasta la implementaci\u00f3n&hellip;&nbsp;Asesoramiento y acompa\u00f1amiento","og_url":"https:\/\/apigs.es\/ca\/asesoramiento-y-acompanamiento\/","og_site_name":"API GS | Servicios Inmobiliarios","article_modified_time":"2025-08-26T13:57:43+00:00","og_image":[{"url":"http:\/\/apigs.es\/wp-content\/uploads\/2024\/02\/gestion-documental-1.jpg","type":"","width":"","height":""}],"twitter_card":"summary_large_image","twitter_misc":{"Temps estimat de lectura":"2 minuts"},"schema":{"@context":"https:\/\/schema.org","@graph":[{"@type":"WebPage","@id":"https:\/\/apigs.es\/asesoramiento-y-acompanamiento\/","url":"https:\/\/apigs.es\/asesoramiento-y-acompanamiento\/","name":"Assesoramiento y acompa\u00f1amiento - API GS","isPartOf":{"@id":"https:\/\/apigs.es\/#website"},"primaryImageOfPage":{"@id":"https:\/\/apigs.es\/asesoramiento-y-acompanamiento\/#primaryimage"},"image":{"@id":"https:\/\/apigs.es\/asesoramiento-y-acompanamiento\/#primaryimage"},"thumbnailUrl":"http:\/\/apigs.es\/wp-content\/uploads\/2024\/02\/gestion-documental-1.jpg","datePublished":"2024-02-06T21:20:03+00:00","dateModified":"2025-08-26T13:57:43+00:00","breadcrumb":{"@id":"https:\/\/apigs.es\/asesoramiento-y-acompanamiento\/#breadcrumb"},"inLanguage":"ca","potentialAction":[{"@type":"ReadAction","target":["https:\/\/apigs.es\/asesoramiento-y-acompanamiento\/"]}]},{"@type":"ImageObject","inLanguage":"ca","@id":"https:\/\/apigs.es\/asesoramiento-y-acompanamiento\/#primaryimage","url":"http:\/\/apigs.es\/wp-content\/uploads\/2024\/02\/gestion-documental-1.jpg","contentUrl":"http:\/\/apigs.es\/wp-content\/uploads\/2024\/02\/gestion-documental-1.jpg"},{"@type":"BreadcrumbList","@id":"https:\/\/apigs.es\/asesoramiento-y-acompanamiento\/#breadcrumb","itemListElement":[{"@type":"ListItem","position":1,"name":"Portada","item":"https:\/\/apigs.es\/"},{"@type":"ListItem","position":2,"name":"Asesoramiento y acompa\u00f1amiento"}]},{"@type":"WebSite","@id":"https:\/\/apigs.es\/#website","url":"https:\/\/apigs.es\/","name":"API GS | Serveis Immobiliaris","description":"Serveis Immobiliaris d&#039;excel\u00b7l\u00e8ncia: transformem els teus somnis a propietats.","potentialAction":[{"@type":"SearchAction","target":{"@type":"EntryPoint","urlTemplate":"https:\/\/apigs.es\/?s={search_term_string}"},"query-input":{"@type":"PropertyValueSpecification","valueRequired":true,"valueName":"search_term_string"}}],"inLanguage":"ca"}]}},"_links":{"self":[{"href":"https:\/\/apigs.es\/ca\/wp-json\/wp\/v2\/pages\/451","targetHints":{"allow":["GET"]}}],"collection":[{"href":"https:\/\/apigs.es\/ca\/wp-json\/wp\/v2\/pages"}],"about":[{"href":"https:\/\/apigs.es\/ca\/wp-json\/wp\/v2\/types\/page"}],"author":[{"embeddable":true,"href":"https:\/\/apigs.es\/ca\/wp-json\/wp\/v2\/users\/1"}],"replies":[{"embeddable":true,"href":"https:\/\/apigs.es\/ca\/wp-json\/wp\/v2\/comments?post=451"}],"version-history":[{"count":14,"href":"https:\/\/apigs.es\/ca\/wp-json\/wp\/v2\/pages\/451\/revisions"}],"predecessor-version":[{"id":824,"href":"https:\/\/apigs.es\/ca\/wp-json\/wp\/v2\/pages\/451\/revisions\/824"}],"wp:attachment":[{"href":"https:\/\/apigs.es\/ca\/wp-json\/wp\/v2\/media?parent=451"}],"curies":[{"name":"wp","href":"https:\/\/api.w.org\/{rel}","templated":true}]}}