{"id":360,"date":"2024-02-06T19:57:55","date_gmt":"2024-02-06T18:57:55","guid":{"rendered":"https:\/\/gloriaserna.ultbit.com\/?page_id=360"},"modified":"2025-08-26T16:00:32","modified_gmt":"2025-08-26T14:00:32","slug":"quienes-somos","status":"publish","type":"page","link":"https:\/\/apigs.es\/ca\/quienes-somos\/","title":{"rendered":"Qui som"},"content":{"rendered":"<div data-elementor-type=\"wp-page\" data-elementor-id=\"360\" class=\"elementor elementor-360\" data-elementor-post-type=\"page\">\n\t\t\t\t\t\t<section class=\"elementor-section elementor-top-section elementor-element elementor-element-6903c06f elementor-section-boxed elementor-section-height-default elementor-section-height-default\" data-id=\"6903c06f\" data-element_type=\"section\" data-settings=\"{&quot;background_background&quot;:&quot;classic&quot;,&quot;background_motion_fx_motion_fx_scrolling&quot;:&quot;yes&quot;,&quot;background_motion_fx_translateY_effect&quot;:&quot;yes&quot;,&quot;background_motion_fx_translateY_direction&quot;:&quot;negative&quot;,&quot;background_motion_fx_translateY_speed&quot;:{&quot;unit&quot;:&quot;px&quot;,&quot;size&quot;:10,&quot;sizes&quot;:[]},&quot;background_motion_fx_translateY_affectedRange&quot;:{&quot;unit&quot;:&quot;%&quot;,&quot;size&quot;:&quot;&quot;,&quot;sizes&quot;:{&quot;start&quot;:0,&quot;end&quot;:100}},&quot;background_motion_fx_devices&quot;:[&quot;desktop&quot;,&quot;tablet&quot;,&quot;mobile&quot;]}\">\n\t\t\t\t\t\t\t<div class=\"elementor-background-overlay\"><\/div>\n\t\t\t\t\t\t\t<div class=\"elementor-container elementor-column-gap-default\">\n\t\t\t\t\t<div class=\"elementor-column elementor-col-100 elementor-top-column elementor-element elementor-element-6be39def\" data-id=\"6be39def\" data-element_type=\"column\">\n\t\t\t<div class=\"elementor-widget-wrap elementor-element-populated\">\n\t\t\t\t\t\t<section class=\"elementor-section elementor-inner-section elementor-element elementor-element-3a8bb978 elementor-section-content-middle elementor-section-boxed elementor-section-height-default elementor-section-height-default\" data-id=\"3a8bb978\" data-element_type=\"section\">\n\t\t\t\t\t\t<div class=\"elementor-container elementor-column-gap-default\">\n\t\t\t\t\t<div class=\"elementor-column elementor-col-100 elementor-inner-column elementor-element elementor-element-3cc04b16 elementor-invisible\" data-id=\"3cc04b16\" data-element_type=\"column\" data-settings=\"{&quot;animation&quot;:&quot;fadeInLeft&quot;}\">\n\t\t\t<div class=\"elementor-widget-wrap elementor-element-populated\">\n\t\t\t\t\t\t<div class=\"elementor-element elementor-element-49eb0e10 elementor-widget elementor-widget-heading\" data-id=\"49eb0e10\" data-element_type=\"widget\" data-widget_type=\"heading.default\">\n\t\t\t\t<div class=\"elementor-widget-container\">\n\t\t\t\t\t<div class=\"elementor-heading-title elementor-size-default\">Qui som<\/div>\t\t\t\t<\/div>\n\t\t\t\t<\/div>\n\t\t\t\t\t<\/div>\n\t\t<\/div>\n\t\t\t\t\t<\/div>\n\t\t<\/section>\n\t\t\t\t\t<\/div>\n\t\t<\/div>\n\t\t\t\t\t<\/div>\n\t\t<\/section>\n\t\t\t\t<section class=\"elementor-section elementor-top-section elementor-element elementor-element-b94ce elementor-section-content-middle elementor-section-boxed elementor-section-height-default elementor-section-height-default\" data-id=\"b94ce\" data-element_type=\"section\" data-settings=\"{&quot;background_background&quot;:&quot;classic&quot;}\">\n\t\t\t\t\t\t\t<div class=\"elementor-background-overlay\"><\/div>\n\t\t\t\t\t\t\t<div class=\"elementor-container elementor-column-gap-default\">\n\t\t\t\t\t<div class=\"elementor-column elementor-col-50 elementor-top-column elementor-element elementor-element-7424718e\" data-id=\"7424718e\" data-element_type=\"column\">\n\t\t\t<div class=\"elementor-widget-wrap elementor-element-populated\">\n\t\t\t\t\t\t<div class=\"elementor-element elementor-element-42a8e528 elementor-invisible elementor-widget elementor-widget-heading\" data-id=\"42a8e528\" data-element_type=\"widget\" data-settings=\"{&quot;_animation&quot;:&quot;fadeIn&quot;,&quot;_animation_delay&quot;:300}\" data-widget_type=\"heading.default\">\n\t\t\t\t<div class=\"elementor-widget-container\">\n\t\t\t\t\t<h2 class=\"elementor-heading-title elementor-size-default\">Coneix-nos<\/h2>\t\t\t\t<\/div>\n\t\t\t\t<\/div>\n\t\t\t\t<div class=\"elementor-element elementor-element-20ff8fb4 elementor-invisible elementor-widget elementor-widget-text-editor\" data-id=\"20ff8fb4\" data-element_type=\"widget\" data-settings=\"{&quot;_animation&quot;:&quot;fadeIn&quot;,&quot;_animation_delay&quot;:350}\" data-widget_type=\"text-editor.default\">\n\t\t\t\t<div class=\"elementor-widget-container\">\n\t\t\t\t\t\t\t\t\t<p>A la nostra immobili\u00e0ria Api GS, la joventut i l&#039;experi\u00e8ncia s&#039;entrellacen per formar un equip apassionat i capacitat. L&#039;energia juvenil ens impulsa a abra\u00e7ar noves idees, tecnologies i enfocaments innovadors. Alhora, l&#039;experi\u00e8ncia professional del nostre equip aporta un coneixement s\u00f2lid del mercat i les millors pr\u00e0ctiques.<\/p><p>Estem compromesos a entendre a fons les expectatives dels nostres clients i superar-les. La combinaci\u00f3 \u00fanica de joventut i experi\u00e8ncia ens permet oferir un servei excepcional que no nom\u00e9s s&#039;ajusta a les necessitats actuals del mercat, sin\u00f3 que tamb\u00e9 anticipa les futures tend\u00e8ncies.\u00a0\u00a0<\/p>\t\t\t\t\t\t\t\t<\/div>\n\t\t\t\t<\/div>\n\t\t\t\t<div class=\"elementor-element elementor-element-6e503428 elementor-invisible elementor-widget elementor-widget-button\" data-id=\"6e503428\" data-element_type=\"widget\" data-settings=\"{&quot;_animation&quot;:&quot;fadeIn&quot;,&quot;_animation_delay&quot;:375}\" data-widget_type=\"button.default\">\n\t\t\t\t<div class=\"elementor-widget-container\">\n\t\t\t\t\t\t\t\t\t<div class=\"elementor-button-wrapper\">\n\t\t\t\t\t<a class=\"elementor-button elementor-button-link elementor-size-md\" href=\"http:\/\/apigs.es\/ca\/contacto\/\">\n\t\t\t\t\t\t<span class=\"elementor-button-content-wrapper\">\n\t\t\t\t\t\t\t\t\t<span class=\"elementor-button-text\">CONTACTE<\/span>\n\t\t\t\t\t<\/span>\n\t\t\t\t\t<\/a>\n\t\t\t\t<\/div>\n\t\t\t\t\t\t\t\t<\/div>\n\t\t\t\t<\/div>\n\t\t\t\t\t<\/div>\n\t\t<\/div>\n\t\t\t\t<div class=\"elementor-column elementor-col-50 elementor-top-column elementor-element elementor-element-3c42a198\" data-id=\"3c42a198\" data-element_type=\"column\">\n\t\t\t<div class=\"elementor-widget-wrap elementor-element-populated\">\n\t\t\t\t\t\t<div class=\"elementor-element elementor-element-4fe2b59a animated-slow elementor-invisible elementor-widget elementor-widget-image\" data-id=\"4fe2b59a\" data-element_type=\"widget\" data-settings=\"{&quot;_animation&quot;:&quot;fadeInRight&quot;,&quot;_animation_delay&quot;:200}\" data-widget_type=\"image.default\">\n\t\t\t\t<div class=\"elementor-widget-container\">\n\t\t\t\t\t\t\t\t\t\t\t\t\t\t\t<img fetchpriority=\"high\" decoding=\"async\" width=\"1600\" height=\"1200\" src=\"https:\/\/apigs.es\/wp-content\/uploads\/2025\/07\/IMG-20250623-WA0112.jpg\" class=\"attachment-full size-full wp-image-780\" alt=\"\" srcset=\"https:\/\/apigs.es\/wp-content\/uploads\/2025\/07\/IMG-20250623-WA0112.jpg 1600w, https:\/\/apigs.es\/wp-content\/uploads\/2025\/07\/IMG-20250623-WA0112-300x225.jpg 300w, https:\/\/apigs.es\/wp-content\/uploads\/2025\/07\/IMG-20250623-WA0112-1024x768.jpg 1024w, https:\/\/apigs.es\/wp-content\/uploads\/2025\/07\/IMG-20250623-WA0112-768x576.jpg 768w, https:\/\/apigs.es\/wp-content\/uploads\/2025\/07\/IMG-20250623-WA0112-1536x1152.jpg 1536w, https:\/\/apigs.es\/wp-content\/uploads\/2025\/07\/IMG-20250623-WA0112-16x12.jpg 16w\" sizes=\"(max-width: 1600px) 100vw, 1600px\" \/>\t\t\t\t\t\t\t\t\t\t\t\t\t\t\t<\/div>\n\t\t\t\t<\/div>\n\t\t\t\t\t<\/div>\n\t\t<\/div>\n\t\t\t\t\t<\/div>\n\t\t<\/section>\n\t\t\t\t<section class=\"elementor-section elementor-top-section elementor-element elementor-element-759b0423 elementor-section-boxed elementor-section-height-default elementor-section-height-default\" data-id=\"759b0423\" data-element_type=\"section\">\n\t\t\t\t\t\t<div class=\"elementor-container elementor-column-gap-default\">\n\t\t\t\t\t<div class=\"elementor-column elementor-col-100 elementor-top-column elementor-element elementor-element-4381b0cc\" data-id=\"4381b0cc\" data-element_type=\"column\">\n\t\t\t<div class=\"elementor-widget-wrap elementor-element-populated\">\n\t\t\t\t\t\t<section class=\"elementor-section elementor-inner-section elementor-element elementor-element-5aa46b elementor-section-boxed elementor-section-height-default elementor-section-height-default\" data-id=\"5aa46b\" data-element_type=\"section\">\n\t\t\t\t\t\t<div class=\"elementor-container elementor-column-gap-default\">\n\t\t\t\t\t<div class=\"elementor-column elementor-col-33 elementor-inner-column elementor-element elementor-element-4a9f7bc elementor-invisible\" data-id=\"4a9f7bc\" data-element_type=\"column\" data-settings=\"{&quot;background_background&quot;:&quot;classic&quot;,&quot;animation&quot;:&quot;fadeInLeft&quot;}\">\n\t\t\t<div class=\"elementor-widget-wrap elementor-element-populated\">\n\t\t\t\t\t\t<div class=\"elementor-element elementor-element-25bf28d0 elementor-view-default elementor-position-block-start elementor-mobile-position-block-start elementor-widget elementor-widget-icon-box\" data-id=\"25bf28d0\" data-element_type=\"widget\" data-widget_type=\"icon-box.default\">\n\t\t\t\t<div class=\"elementor-widget-container\">\n\t\t\t\t\t\t\t<div class=\"elementor-icon-box-wrapper\">\n\n\t\t\t\t\t\t<div class=\"elementor-icon-box-icon\">\n\t\t\t\t<span  class=\"elementor-icon\">\n\t\t\t\t<i aria-hidden=\"true\" class=\"icon icon-cursor\"><\/i>\t\t\t\t<\/span>\n\t\t\t<\/div>\n\t\t\t\n\t\t\t\t\t\t<div class=\"elementor-icon-box-content\">\n\n\t\t\t\t\t\t\t\t\t<div class=\"elementor-icon-box-title\">\n\t\t\t\t\t\t<span  >\n\t\t\t\t\t\t\tTraject\u00f2ria\t\t\t\t\t\t<\/span>\n\t\t\t\t\t<\/div>\n\t\t\t\t\n\t\t\t\t\t\t\t\t\t<p class=\"elementor-icon-box-description\">\n\t\t\t\t\t\tEl nostre apassionat equip est\u00e0 format per professionals que han acumulat una \u00e0mplia traject\u00f2ria al mercat immobiliari, cosa que permet oferir un servei integral i de qualitat. \t\t\t\t\t<\/p>\n\t\t\t\t\n\t\t\t<\/div>\n\t\t\t\n\t\t<\/div>\n\t\t\t\t\t\t<\/div>\n\t\t\t\t<\/div>\n\t\t\t\t\t<\/div>\n\t\t<\/div>\n\t\t\t\t<div class=\"elementor-column elementor-col-33 elementor-inner-column elementor-element elementor-element-b4a344a elementor-invisible\" data-id=\"b4a344a\" data-element_type=\"column\" data-settings=\"{&quot;background_background&quot;:&quot;classic&quot;,&quot;animation&quot;:&quot;zoomIn&quot;}\">\n\t\t\t<div class=\"elementor-widget-wrap elementor-element-populated\">\n\t\t\t\t\t\t<div class=\"elementor-element elementor-element-319065d elementor-view-default elementor-position-block-start elementor-mobile-position-block-start elementor-widget elementor-widget-icon-box\" data-id=\"319065d\" data-element_type=\"widget\" data-widget_type=\"icon-box.default\">\n\t\t\t\t<div class=\"elementor-widget-container\">\n\t\t\t\t\t\t\t<div class=\"elementor-icon-box-wrapper\">\n\n\t\t\t\t\t\t<div class=\"elementor-icon-box-icon\">\n\t\t\t\t<span  class=\"elementor-icon\">\n\t\t\t\t<i aria-hidden=\"true\" class=\"icon icon-checked1\"><\/i>\t\t\t\t<\/span>\n\t\t\t<\/div>\n\t\t\t\n\t\t\t\t\t\t<div class=\"elementor-icon-box-content\">\n\n\t\t\t\t\t\t\t\t\t<div class=\"elementor-icon-box-title\">\n\t\t\t\t\t\t<span  >\n\t\t\t\t\t\t\tComprom\u00eds\t\t\t\t\t\t<\/span>\n\t\t\t\t\t<\/div>\n\t\t\t\t\n\t\t\t\t\t\t\t\t\t<p class=\"elementor-icon-box-description\">\n\t\t\t\t\t\tEns dediquem a fer que cada pas a la teva travessia immobili\u00e0ria sigui segur, transparent i orientat als teus objectius. La teva confian\u00e7a \u00e9s la nostra prioritat.\t\t\t\t\t<\/p>\n\t\t\t\t\n\t\t\t<\/div>\n\t\t\t\n\t\t<\/div>\n\t\t\t\t\t\t<\/div>\n\t\t\t\t<\/div>\n\t\t\t\t\t<\/div>\n\t\t<\/div>\n\t\t\t\t<div class=\"elementor-column elementor-col-33 elementor-inner-column elementor-element elementor-element-33a059a6 elementor-invisible\" data-id=\"33a059a6\" data-element_type=\"column\" data-settings=\"{&quot;background_background&quot;:&quot;classic&quot;,&quot;animation&quot;:&quot;fadeInRight&quot;}\">\n\t\t\t<div class=\"elementor-widget-wrap elementor-element-populated\">\n\t\t\t\t\t\t<div class=\"elementor-element elementor-element-b7be7a4 elementor-view-default elementor-position-block-start elementor-mobile-position-block-start elementor-widget elementor-widget-icon-box\" data-id=\"b7be7a4\" data-element_type=\"widget\" data-widget_type=\"icon-box.default\">\n\t\t\t\t<div class=\"elementor-widget-container\">\n\t\t\t\t\t\t\t<div class=\"elementor-icon-box-wrapper\">\n\n\t\t\t\t\t\t<div class=\"elementor-icon-box-icon\">\n\t\t\t\t<span  class=\"elementor-icon\">\n\t\t\t\t<i aria-hidden=\"true\" class=\"icon icon-cursor\"><\/i>\t\t\t\t<\/span>\n\t\t\t<\/div>\n\t\t\t\n\t\t\t\t\t\t<div class=\"elementor-icon-box-content\">\n\n\t\t\t\t\t\t\t\t\t<div class=\"elementor-icon-box-title\">\n\t\t\t\t\t\t<span  >\n\t\t\t\t\t\t\tDedicaci\u00f3\t\t\t\t\t\t<\/span>\n\t\t\t\t\t<\/div>\n\t\t\t\t\n\t\t\t\t\t\t\t\t\t<p class=\"elementor-icon-box-description\">\n\t\t\t\t\t\tDes de la cerca de casa teva ideal fins a la gesti\u00f3 de documents, la nostra dedicaci\u00f3 \u00e9s la teva certesa d&#039;un servei excepcional. \t\t\t\t\t<\/p>\n\t\t\t\t\n\t\t\t<\/div>\n\t\t\t\n\t\t<\/div>\n\t\t\t\t\t\t<\/div>\n\t\t\t\t<\/div>\n\t\t\t\t\t<\/div>\n\t\t<\/div>\n\t\t\t\t\t<\/div>\n\t\t<\/section>\n\t\t\t\t\t<\/div>\n\t\t<\/div>\n\t\t\t\t\t<\/div>\n\t\t<\/section>\n\t\t\t\t<\/div>","protected":false},"excerpt":{"rendered":"<p>Con\u00f3cenos En nuestra inmobiliaria Api GS, la juventud y la experiencia se entrelazan para formar un equipo apasionado y capacitado. La energ\u00eda juvenil nos impulsa a abrazar nuevas ideas, tecnolog\u00edas y enfoques innovadores. Al mismo tiempo, la experiencia profesional de nuestro equipo aporta un conocimiento s\u00f3lido del mercado y las mejores pr\u00e1cticas. Estamos comprometidos a&hellip;&nbsp;<a href=\"https:\/\/apigs.es\/ca\/quienes-somos\/\" rel=\"bookmark\"><span class=\"screen-reader-text\">Qui som<\/span><\/a><\/p>","protected":false},"author":1,"featured_media":811,"parent":0,"menu_order":0,"comment_status":"closed","ping_status":"closed","template":"page-templates\/template-pagebuilder-full-width.php","meta":{"neve_meta_sidebar":"","neve_meta_container":"","neve_meta_enable_content_width":"off","neve_meta_content_width":100,"neve_meta_title_alignment":"","neve_meta_author_avatar":"","neve_post_elements_order":"","neve_meta_disable_header":"","neve_meta_disable_footer":"","neve_meta_disable_title":"","_joinchat":{"telephone":"+34936274400"},"footnotes":""},"class_list":["post-360","page","type-page","status-publish","has-post-thumbnail","hentry"],"yoast_head":"<!-- This site is optimized with the Yoast SEO plugin v26.7 - https:\/\/yoast.com\/wordpress\/plugins\/seo\/ -->\n<title>Quienes somos - API GS | Servicios Inmobiliarios<\/title>\n<meta name=\"robots\" content=\"index, follow, max-snippet:-1, max-image-preview:large, max-video-preview:-1\" \/>\n<link rel=\"canonical\" href=\"https:\/\/apigs.es\/ca\/quienes-somos\/\" \/>\n<meta property=\"og:locale\" content=\"ca_ES\" \/>\n<meta property=\"og:type\" content=\"article\" \/>\n<meta property=\"og:title\" content=\"Quienes somos - API GS | Servicios Inmobiliarios\" \/>\n<meta property=\"og:description\" content=\"Con\u00f3cenos En nuestra inmobiliaria Api GS, la juventud y la experiencia se entrelazan para formar un equipo apasionado y capacitado. La energ\u00eda juvenil nos impulsa a abrazar nuevas ideas, tecnolog\u00edas y enfoques innovadores. Al mismo tiempo, la experiencia profesional de nuestro equipo aporta un conocimiento s\u00f3lido del mercado y las mejores pr\u00e1cticas. Estamos comprometidos a&hellip;&nbsp;Quienes somos\" \/>\n<meta property=\"og:url\" content=\"https:\/\/apigs.es\/ca\/quienes-somos\/\" \/>\n<meta property=\"og:site_name\" content=\"API GS | Servicios Inmobiliarios\" \/>\n<meta property=\"article:modified_time\" content=\"2025-08-26T14:00:32+00:00\" \/>\n<meta property=\"og:image\" content=\"https:\/\/apigs.es\/wp-content\/uploads\/2024\/02\/ANMP0058-scaled-e1753047096332.jpg\" \/>\n\t<meta property=\"og:image:width\" content=\"2560\" \/>\n\t<meta property=\"og:image:height\" content=\"1720\" \/>\n\t<meta property=\"og:image:type\" content=\"image\/jpeg\" \/>\n<meta name=\"twitter:card\" content=\"summary_large_image\" \/>\n<meta name=\"twitter:label1\" content=\"Temps estimat de lectura\" \/>\n\t<meta name=\"twitter:data1\" content=\"2 minuts\" \/>\n<script type=\"application\/ld+json\" class=\"yoast-schema-graph\">{\"@context\":\"https:\/\/schema.org\",\"@graph\":[{\"@type\":\"WebPage\",\"@id\":\"https:\/\/apigs.es\/quienes-somos\/\",\"url\":\"https:\/\/apigs.es\/quienes-somos\/\",\"name\":\"Quienes somos - API GS | Servicios Inmobiliarios\",\"isPartOf\":{\"@id\":\"https:\/\/apigs.es\/#website\"},\"primaryImageOfPage\":{\"@id\":\"https:\/\/apigs.es\/quienes-somos\/#primaryimage\"},\"image\":{\"@id\":\"https:\/\/apigs.es\/quienes-somos\/#primaryimage\"},\"thumbnailUrl\":\"https:\/\/apigs.es\/wp-content\/uploads\/2024\/02\/ANMP0058-scaled-e1753047096332.jpg\",\"datePublished\":\"2024-02-06T18:57:55+00:00\",\"dateModified\":\"2025-08-26T14:00:32+00:00\",\"breadcrumb\":{\"@id\":\"https:\/\/apigs.es\/quienes-somos\/#breadcrumb\"},\"inLanguage\":\"ca\",\"potentialAction\":[{\"@type\":\"ReadAction\",\"target\":[\"https:\/\/apigs.es\/quienes-somos\/\"]}]},{\"@type\":\"ImageObject\",\"inLanguage\":\"ca\",\"@id\":\"https:\/\/apigs.es\/quienes-somos\/#primaryimage\",\"url\":\"https:\/\/apigs.es\/wp-content\/uploads\/2024\/02\/ANMP0058-scaled-e1753047096332.jpg\",\"contentUrl\":\"https:\/\/apigs.es\/wp-content\/uploads\/2024\/02\/ANMP0058-scaled-e1753047096332.jpg\",\"width\":2560,\"height\":1720},{\"@type\":\"BreadcrumbList\",\"@id\":\"https:\/\/apigs.es\/quienes-somos\/#breadcrumb\",\"itemListElement\":[{\"@type\":\"ListItem\",\"position\":1,\"name\":\"Portada\",\"item\":\"https:\/\/apigs.es\/\"},{\"@type\":\"ListItem\",\"position\":2,\"name\":\"Quienes somos\"}]},{\"@type\":\"WebSite\",\"@id\":\"https:\/\/apigs.es\/#website\",\"url\":\"https:\/\/apigs.es\/\",\"name\":\"API GS | Servicios Inmobiliarios\",\"description\":\"Servicios Inmobiliarios de excelencia: transformamos tus sue\u00f1os en propiedades.\",\"potentialAction\":[{\"@type\":\"SearchAction\",\"target\":{\"@type\":\"EntryPoint\",\"urlTemplate\":\"https:\/\/apigs.es\/?s={search_term_string}\"},\"query-input\":{\"@type\":\"PropertyValueSpecification\",\"valueRequired\":true,\"valueName\":\"search_term_string\"}}],\"inLanguage\":\"ca\"}]}<\/script>\n<!-- \/ Yoast SEO plugin. -->","yoast_head_json":{"title":"Quienes somos - API GS | Servicios Inmobiliarios","robots":{"index":"index","follow":"follow","max-snippet":"max-snippet:-1","max-image-preview":"max-image-preview:large","max-video-preview":"max-video-preview:-1"},"canonical":"https:\/\/apigs.es\/ca\/quienes-somos\/","og_locale":"ca_ES","og_type":"article","og_title":"Quienes somos - API GS | Servicios Inmobiliarios","og_description":"Con\u00f3cenos En nuestra inmobiliaria Api GS, la juventud y la experiencia se entrelazan para formar un equipo apasionado y capacitado. La energ\u00eda juvenil nos impulsa a abrazar nuevas ideas, tecnolog\u00edas y enfoques innovadores. Al mismo tiempo, la experiencia profesional de nuestro equipo aporta un conocimiento s\u00f3lido del mercado y las mejores pr\u00e1cticas. Estamos comprometidos a&hellip;&nbsp;Quienes somos","og_url":"https:\/\/apigs.es\/ca\/quienes-somos\/","og_site_name":"API GS | Servicios Inmobiliarios","article_modified_time":"2025-08-26T14:00:32+00:00","og_image":[{"width":2560,"height":1720,"url":"https:\/\/apigs.es\/wp-content\/uploads\/2024\/02\/ANMP0058-scaled-e1753047096332.jpg","type":"image\/jpeg"}],"twitter_card":"summary_large_image","twitter_misc":{"Temps estimat de lectura":"2 minuts"},"schema":{"@context":"https:\/\/schema.org","@graph":[{"@type":"WebPage","@id":"https:\/\/apigs.es\/quienes-somos\/","url":"https:\/\/apigs.es\/quienes-somos\/","name":"Quienes somos - API GS | Servicios Inmobiliarios","isPartOf":{"@id":"https:\/\/apigs.es\/#website"},"primaryImageOfPage":{"@id":"https:\/\/apigs.es\/quienes-somos\/#primaryimage"},"image":{"@id":"https:\/\/apigs.es\/quienes-somos\/#primaryimage"},"thumbnailUrl":"https:\/\/apigs.es\/wp-content\/uploads\/2024\/02\/ANMP0058-scaled-e1753047096332.jpg","datePublished":"2024-02-06T18:57:55+00:00","dateModified":"2025-08-26T14:00:32+00:00","breadcrumb":{"@id":"https:\/\/apigs.es\/quienes-somos\/#breadcrumb"},"inLanguage":"ca","potentialAction":[{"@type":"ReadAction","target":["https:\/\/apigs.es\/quienes-somos\/"]}]},{"@type":"ImageObject","inLanguage":"ca","@id":"https:\/\/apigs.es\/quienes-somos\/#primaryimage","url":"https:\/\/apigs.es\/wp-content\/uploads\/2024\/02\/ANMP0058-scaled-e1753047096332.jpg","contentUrl":"https:\/\/apigs.es\/wp-content\/uploads\/2024\/02\/ANMP0058-scaled-e1753047096332.jpg","width":2560,"height":1720},{"@type":"BreadcrumbList","@id":"https:\/\/apigs.es\/quienes-somos\/#breadcrumb","itemListElement":[{"@type":"ListItem","position":1,"name":"Portada","item":"https:\/\/apigs.es\/"},{"@type":"ListItem","position":2,"name":"Quienes somos"}]},{"@type":"WebSite","@id":"https:\/\/apigs.es\/#website","url":"https:\/\/apigs.es\/","name":"API GS | Serveis Immobiliaris","description":"Serveis Immobiliaris d&#039;excel\u00b7l\u00e8ncia: transformem els teus somnis a propietats.","potentialAction":[{"@type":"SearchAction","target":{"@type":"EntryPoint","urlTemplate":"https:\/\/apigs.es\/?s={search_term_string}"},"query-input":{"@type":"PropertyValueSpecification","valueRequired":true,"valueName":"search_term_string"}}],"inLanguage":"ca"}]}},"_links":{"self":[{"href":"https:\/\/apigs.es\/ca\/wp-json\/wp\/v2\/pages\/360","targetHints":{"allow":["GET"]}}],"collection":[{"href":"https:\/\/apigs.es\/ca\/wp-json\/wp\/v2\/pages"}],"about":[{"href":"https:\/\/apigs.es\/ca\/wp-json\/wp\/v2\/types\/page"}],"author":[{"embeddable":true,"href":"https:\/\/apigs.es\/ca\/wp-json\/wp\/v2\/users\/1"}],"replies":[{"embeddable":true,"href":"https:\/\/apigs.es\/ca\/wp-json\/wp\/v2\/comments?post=360"}],"version-history":[{"count":24,"href":"https:\/\/apigs.es\/ca\/wp-json\/wp\/v2\/pages\/360\/revisions"}],"predecessor-version":[{"id":814,"href":"https:\/\/apigs.es\/ca\/wp-json\/wp\/v2\/pages\/360\/revisions\/814"}],"wp:featuredmedia":[{"embeddable":true,"href":"https:\/\/apigs.es\/ca\/wp-json\/wp\/v2\/media\/811"}],"wp:attachment":[{"href":"https:\/\/apigs.es\/ca\/wp-json\/wp\/v2\/media?parent=360"}],"curies":[{"name":"wp","href":"https:\/\/api.w.org\/{rel}","templated":true}]}}